{"id":107,"date":"2024-08-28T19:13:57","date_gmt":"2024-08-28T17:13:57","guid":{"rendered":"https:\/\/djceetee.myds.me\/eventconvoy\/?page_id=107"},"modified":"2024-08-29T15:48:01","modified_gmt":"2024-08-29T13:48:01","slug":"kontakt","status":"publish","type":"page","link":"https:\/\/djceetee.myds.me\/eventconvoy\/kontakt\/","title":{"rendered":"Kontakt"},"content":{"rendered":"\t\t<div data-elementor-type=\"wp-page\" data-elementor-id=\"107\" class=\"elementor elementor-107\">\n\t\t\t\t<div class=\"elementor-element elementor-element-b72b1ad e-flex e-con-boxed wpr-particle-no wpr-jarallax-no wpr-parallax-no wpr-sticky-section-no wpr-equal-height-no e-con e-parent\" data-id=\"b72b1ad\" data-element_type=\"container\" data-e-type=\"container\">\n\t\t\t\t\t<div class=\"e-con-inner\">\n\t\t<div class=\"elementor-element elementor-element-2e1c668 e-con-full e-flex wpr-particle-no wpr-jarallax-no wpr-parallax-no wpr-sticky-section-no wpr-equal-height-no e-con e-child\" data-id=\"2e1c668\" data-element_type=\"container\" data-e-type=\"container\">\n\t\t\t\t<div class=\"elementor-element elementor-element-e77d7b2 elementor-widget elementor-widget-heading\" data-id=\"e77d7b2\" data-element_type=\"widget\" data-e-type=\"widget\" data-widget_type=\"heading.default\">\n\t\t\t\t<div class=\"elementor-widget-container\">\n\t\t\t\t\t<h2 class=\"elementor-heading-title elementor-size-default\">Kontakt<\/h2>\t\t\t\t<\/div>\n\t\t\t\t<\/div>\n\t\t\t\t<\/div>\n\t\t<div class=\"elementor-element elementor-element-e519d3d e-con-full e-flex wpr-particle-no wpr-jarallax-no wpr-parallax-no wpr-sticky-section-no wpr-equal-height-no e-con e-child\" data-id=\"e519d3d\" data-element_type=\"container\" data-e-type=\"container\">\n\t\t\t\t<div class=\"elementor-element elementor-element-8c0bc82 elementor-widget elementor-widget-heading\" data-id=\"8c0bc82\" data-element_type=\"widget\" data-e-type=\"widget\" data-widget_type=\"heading.default\">\n\t\t\t\t<div class=\"elementor-widget-container\">\n\t\t\t\t\t<h2 class=\"elementor-heading-title elementor-size-default\">Kummerkasten<\/h2>\t\t\t\t<\/div>\n\t\t\t\t<\/div>\n\t\t\t\t<\/div>\n\t\t\t\t\t<\/div>\n\t\t\t\t<\/div>\n\t\t<div class=\"elementor-element elementor-element-1580cf8 e-flex e-con-boxed wpr-particle-no wpr-jarallax-no wpr-parallax-no wpr-sticky-section-no wpr-equal-height-no e-con e-parent\" data-id=\"1580cf8\" data-element_type=\"container\" data-e-type=\"container\">\n\t\t\t\t\t<div class=\"e-con-inner\">\n\t\t<div class=\"elementor-element elementor-element-ac99359 e-con-full e-flex wpr-particle-no wpr-jarallax-no wpr-parallax-no wpr-sticky-section-no wpr-equal-height-no e-con e-child\" data-id=\"ac99359\" data-element_type=\"container\" data-e-type=\"container\">\n\t\t\t\t<div class=\"elementor-element elementor-element-1ccf434 elementor-widget elementor-widget-shortcode\" data-id=\"1ccf434\" data-element_type=\"widget\" data-e-type=\"widget\" data-widget_type=\"shortcode.default\">\n\t\t\t\t<div class=\"elementor-widget-container\">\n\t\t\t\t\t\t\t<div class=\"elementor-shortcode\"><div class=\"forminator-ui forminator-custom-form forminator-custom-form-197 forminator-design--default  forminator_ajax\" data-forminator-render=\"0\" data-form=\"forminator-module-197\" data-uid=\"69f37ebea85af\"><br\/><\/div><form\n\t\t\t\tid=\"forminator-module-197\"\n\t\t\t\tclass=\"forminator-ui forminator-custom-form forminator-custom-form-197 forminator-design--default  forminator_ajax\"\n\t\t\t\tmethod=\"post\"\n\t\t\t\tdata-forminator-render=\"0\"\n\t\t\t\tdata-form-id=\"197\"\n\t\t\t\tenctype=\"multipart\/form-data\" data-color-option=\"default\" data-design=\"default\" data-grid=\"open\" style=\"display: none;\"\n\t\t\t\tdata-uid=\"69f37ebea85af\"\n\t\t\t><div role=\"alert\" aria-live=\"polite\" class=\"forminator-response-message forminator-error\" aria-hidden=\"true\"><\/div><div class=\"forminator-row\"><div id=\"text-1\" class=\"forminator-field-text forminator-col forminator-col-12 \"><div class=\"forminator-field\"><label for=\"forminator-field-text-1_69f37ebea85af\" id=\"forminator-field-text-1_69f37ebea85af-label\" class=\"forminator-label\">Dein Name <span class=\"forminator-required\">*<\/span><\/label><input type=\"text\" name=\"text-1\" value=\"\" placeholder=\"\" id=\"forminator-field-text-1_69f37ebea85af\" class=\"forminator-input forminator-name--field\" data-required=\"1\" \/><\/div><\/div><\/div><div class=\"forminator-row\"><div id=\"email-1\" class=\"forminator-field-email forminator-col forminator-col-12 \"><div class=\"forminator-field\"><label for=\"forminator-field-email-1_69f37ebea85af\" id=\"forminator-field-email-1_69f37ebea85af-label\" class=\"forminator-label\">Deine E-Mail-Adresse <span class=\"forminator-required\">*<\/span><\/label><input type=\"email\" name=\"email-1\" value=\"\" placeholder=\"\" id=\"forminator-field-email-1_69f37ebea85af\" class=\"forminator-input forminator-email--field\" data-required=\"1\" aria-required=\"true\" autocomplete=\"email\" \/><\/div><\/div><\/div><div class=\"forminator-row\"><div id=\"text-2\" class=\"forminator-field-text forminator-col forminator-col-12 \"><div class=\"forminator-field\"><label for=\"forminator-field-text-2_69f37ebea85af\" id=\"forminator-field-text-2_69f37ebea85af-label\" class=\"forminator-label\">Betreff <span class=\"forminator-required\">*<\/span><\/label><input type=\"text\" name=\"text-2\" value=\"\" placeholder=\"\" id=\"forminator-field-text-2_69f37ebea85af\" class=\"forminator-input forminator-name--field\" data-required=\"1\" \/><\/div><\/div><\/div><div class=\"forminator-row\"><div id=\"textarea-1\" class=\"forminator-field-textarea forminator-col forminator-col-12 \"><div class=\"forminator-field\"><label for=\"forminator-field-textarea-1_69f37ebea85af\" id=\"forminator-field-textarea-1_69f37ebea85af-label\" class=\"forminator-label\">Deine Nachricht <span class=\"forminator-required\">*<\/span><\/label><textarea name=\"textarea-1\" placeholder=\"\" id=\"forminator-field-textarea-1_69f37ebea85af\" class=\"forminator-textarea\" rows=\"6\" style=\"--forminator-textarea-min-height:140px;\" maxlength=\"1000\" ><\/textarea><span id=\"forminator-field-textarea-1_69f37ebea85af-description\" class=\"forminator-description\"><span data-limit=\"1000\" data-type=\"characters\" data-editor=\"\">0 \/ 1000<\/span><\/span><\/div><\/div><\/div><div class=\"forminator-row\"><div id=\"upload-1\" class=\"forminator-field-upload forminator-col forminator-col-12 \"><div class=\"forminator-field\"><label for=\"forminator-field-upload-1_69f37ebea85af\" id=\"forminator-field-upload-1_69f37ebea85af-label\" class=\"forminator-label\">Datei zum hochladen \u00e0 20MB pro Datei, max. 5 Dateien (optional)<\/label><div class=\"forminator-multi-upload \" data-element=\"upload-1_69f37ebea85af\"><input type=\"file\" name=\"upload-1[]\" id=\"forminator-field-upload-1_69f37ebea85af\" class=\"forminator-input-file forminator-field-upload-1_69f37ebea85af-197\" multiple=\"multiple\" data-method=\"ajax\" accept=\".png,.jpg,.jpeg,.jpe,.bmp,.pdf,.doc,.docx,.mp3,.m4a,.m4b,.wav,.xcf,.psd,.gif,.odt,.pot,.pps,.ppt,.zip,.7z,.rtf,.txt,.asc,.c,.cc,.h,.srt,.xlsx,.xla,.xls,.xlt,.xlw\" data-size=\"100000000\" data-size-message=\"Die maximale Dateigr\u00f6\u00dfe betr\u00e4gt 100 MB. \" data-filetype=\"png|jpg|jpeg|jpe|bmp|pdf|doc|docx|mp3|m4a|m4b|wav|xcf|psd|gif|odt|pot|pps|ppt|zip|7z|rtf|txt|asc|c|cc|h|srt|xlsx|xla|xls|xlt|xlw\" data-filetype-message=\"Dateierweiterung ist nicht erlaubt.\"><div class=\"forminator-multi-upload-message\" aria-hidden=\"true\"><span class=\"forminator-icon-upload\" aria-hidden=\"true\"><\/span><p>Drag &amp; Drop (oder) <a class=\"forminator-upload-file--forminator-field-upload-1_69f37ebea85af\" href=\"#\" onclick=\"return false;\">W\u00e4hle Dateien<\/a><\/p><\/div><\/div><ul class=\"forminator-uploaded-files upload-container-upload-1_69f37ebea85af\"><\/ul><\/div><\/div><\/div><div class=\"forminator-row forminator-hidden\"><div id=\"hidden-1\" class=\"forminator-field-hidden  forminator-col-12 \"><input type=\"hidden\" id=\"hidden-1_69f37ebea85af\" name=\"hidden-1\" value=\"216.73.217.127\" \/><\/div><\/div><div class=\"forminator-row\"><\/div><input type=\"hidden\" name=\"referer_url\" value=\"\" \/><div class=\"forminator-row forminator-row-last\"><div class=\"forminator-col\"><div class=\"forminator-field\"><button class=\"forminator-button forminator-button-submit\">Abschicken<\/button><\/div><\/div><\/div><input type=\"hidden\" id=\"forminator_nonce\" name=\"forminator_nonce\" value=\"9f68da6677\" \/><input type=\"hidden\" name=\"_wp_http_referer\" value=\"\/eventconvoy\/wp-json\/wp\/v2\/pages\/107\" \/><input type=\"hidden\" name=\"form_id\" value=\"197\"><input type=\"hidden\" name=\"page_id\" value=\"107\"><input type=\"hidden\" name=\"form_type\" value=\"default\"><input type=\"hidden\" name=\"current_url\" value=\"https:\/\/djceetee.myds.me\/eventconvoy\/kontakt\/\"><input type=\"hidden\" name=\"render_id\" value=\"0\"><input type=\"hidden\" name=\"forminator-multifile-hidden\" class=\"forminator-multifile-hidden\"><input type=\"hidden\" name=\"action\" value=\"forminator_submit_form_custom-forms\"><\/form><\/div>\n\t\t\t\t\t\t<\/div>\n\t\t\t\t<\/div>\n\t\t\t\t<\/div>\n\t\t<div class=\"elementor-element elementor-element-5adfbb7 e-con-full e-flex wpr-particle-no wpr-jarallax-no wpr-parallax-no wpr-sticky-section-no wpr-equal-height-no e-con e-child\" data-id=\"5adfbb7\" data-element_type=\"container\" data-e-type=\"container\">\n\t\t\t\t<div class=\"elementor-element elementor-element-74b5ae2 elementor-widget elementor-widget-shortcode\" data-id=\"74b5ae2\" data-element_type=\"widget\" data-e-type=\"widget\" data-widget_type=\"shortcode.default\">\n\t\t\t\t<div class=\"elementor-widget-container\">\n\t\t\t\t\t\t\t<div class=\"elementor-shortcode\"><div class=\"forminator-ui forminator-custom-form forminator-custom-form-201 forminator-design--default  forminator_ajax\" data-forminator-render=\"0\" data-form=\"forminator-module-201\" data-uid=\"69f37ebeae060\"><br\/><\/div><form\n\t\t\t\tid=\"forminator-module-201\"\n\t\t\t\tclass=\"forminator-ui forminator-custom-form forminator-custom-form-201 forminator-design--default  forminator_ajax\"\n\t\t\t\tmethod=\"post\"\n\t\t\t\tdata-forminator-render=\"0\"\n\t\t\t\tdata-form-id=\"201\"\n\t\t\t\tenctype=\"multipart\/form-data\" data-color-option=\"default\" data-design=\"default\" data-grid=\"open\" style=\"display: none;\"\n\t\t\t\tdata-uid=\"69f37ebeae060\"\n\t\t\t><div role=\"alert\" aria-live=\"polite\" class=\"forminator-response-message forminator-error\" aria-hidden=\"true\"><\/div><div class=\"forminator-row\"><div id=\"textarea-1\" class=\"forminator-field-textarea forminator-col forminator-col-12 \"><div class=\"forminator-field\"><label for=\"forminator-field-textarea-1_69f37ebeae060\" id=\"forminator-field-textarea-1_69f37ebeae060-label\" class=\"forminator-label\">Deine Nachricht(*) <span class=\"forminator-required\">*<\/span><\/label><textarea name=\"textarea-1\" placeholder=\"Hier kannst du uns dein Anliegen\/Beschwerde ANONYM hinterlassen. Bitte bleibe sachlich und h\u00f6flich, auch wenn die Emotionen es manchmal schwierig gestalten. Bitte beschreibe dein Problem, so detailliert wie m\u00f6glich. Du hast auch die M\u00f6glichkeit, Bilder, Text-Dateien, Dokumente, Links u.s.w. zus\u00e4tzlich zu deinem Kummer hochzuladen. Denke aber daran nicht beteiligte Namen etc. unkenntlich zu machen. Bitte beachte auch die u.a. Text.\nM\u00f6chtest du das jemand mit dir kontakt aufnimmt? Dann benutze bitte links das Kontaktformular. Danke!\" id=\"forminator-field-textarea-1_69f37ebeae060\" class=\"forminator-textarea\" rows=\"6\" style=\"--forminator-textarea-min-height:160px;\" maxlength=\"1000\" ><\/textarea><span id=\"forminator-field-textarea-1_69f37ebeae060-description\" class=\"forminator-description\"><span data-limit=\"1000\" data-type=\"characters\" data-editor=\"\">0 \/ 1000<\/span><\/span><\/div><\/div><\/div><div class=\"forminator-row\"><div id=\"upload-6\" class=\"forminator-field-upload forminator-col forminator-col-12 \"><div class=\"forminator-field\"><label for=\"forminator-field-upload-6_69f37ebeae060\" id=\"forminator-field-upload-6_69f37ebeae060-label\" class=\"forminator-label\">Datei hochladen<\/label><div class=\"forminator-multi-upload \" data-element=\"upload-6_69f37ebeae060\" aria-describedby=\"forminator-field-upload-6_69f37ebeae060-description\"><input type=\"file\" name=\"upload-6[]\" id=\"forminator-field-upload-6_69f37ebeae060\" class=\"forminator-input-file forminator-field-upload-6_69f37ebeae060-201\" multiple=\"multiple\" data-method=\"ajax\" accept=\".jpg,.jpeg,.jpe,.gif,.png,.bmp,.tiff,.tif,.webp,.ico,.heic,.asf,.asx,.wmv,.wmx,.wm,.avi,.divx,.flv,.mov,.qt,.mpeg,.mpg,.mpe,.mp4,.m4v,.ogv,.webm,.mkv,.3gp,.3gpp,.3g2,.3gp2,.txt,.asc,.c,.cc,.h,.srt,.csv,.tsv,.ics,.rtx,.vtt,.mp3,.m4a,.m4b,.aac,.ra,.ram,.wav,.ogg,.oga,.flac,.mid,.midi,.wma,.wax,.mka,.rtf,.pdf,.tar,.zip,.gz,.gzip,.7z,.psd,.xcf,.doc,.pot,.pps,.ppt,.wri,.mdb,.mpp,.docx,.docm,.dotx,.dotm,.onetoc,.onetoc2,.onetmp,.onepkg,.oxps,.xps,.odt,.odp,.odg,.odc,.odb,.odf,.wp,.wpd,.pages,.woff,.woff2,.ttf,.eot,.otf,.svgz,.json\" data-limit=\"6\" data-limit-message=\"Du kannst h\u00f6chstens 6 Dateien hochladen.\" data-size=\"100000000\" data-size-message=\"Die maximale Dateigr\u00f6\u00dfe betr\u00e4gt 100 MB. \" data-filetype=\"jpg|jpeg|jpe|gif|png|bmp|tiff|tif|webp|ico|heic|asf|asx|wmv|wmx|wm|avi|divx|flv|mov|qt|mpeg|mpg|mpe|mp4|m4v|ogv|webm|mkv|3gp|3gpp|3g2|3gp2|txt|asc|c|cc|h|srt|csv|tsv|ics|rtx|vtt|mp3|m4a|m4b|aac|ra|ram|wav|ogg|oga|flac|mid|midi|wma|wax|mka|rtf|pdf|tar|zip|gz|gzip|7z|psd|xcf|doc|pot|pps|ppt|wri|mdb|mpp|docx|docm|dotx|dotm|onetoc|onetoc2|onetmp|onepkg|oxps|xps|odt|odp|odg|odc|odb|odf|wp|wpd|pages|woff|woff2|ttf|eot|otf|svgz|json\" data-filetype-message=\"Dateierweiterung ist nicht erlaubt.\"><div class=\"forminator-multi-upload-message\" aria-hidden=\"true\"><span class=\"forminator-icon-upload\" aria-hidden=\"true\"><\/span><p>Drag &amp; Drop (oder) <a class=\"forminator-upload-file--forminator-field-upload-6_69f37ebeae060\" href=\"#\" onclick=\"return false;\">W\u00e4hle Dateien<\/a><\/p><\/div><\/div><span id=\"forminator-field-upload-6_69f37ebeae060-description\" class=\"forminator-description\">Falls du Dateien hast als Beweis z. B. einen Screenshot, kannst du ihn hier hochladen. Max. 6  Dateien \u00e0 100Mb. Erlaubte Datei Formate (.png .jpg .bmp .pdf .doc .docx .txt .rtf)<\/span><ul class=\"forminator-uploaded-files upload-container-upload-6_69f37ebeae060\"><\/ul><\/div><\/div><\/div><div class=\"forminator-row\"><div id=\"url-1\" class=\"forminator-field-url forminator-col forminator-col-12 \"><div class=\"forminator-field\"><label for=\"forminator-field-url-1_69f37ebeae060\" id=\"forminator-field-url-1_69f37ebeae060-label\" class=\"forminator-label\">Hier hast du die m\u00f6glichkeit auch falls vorhanden, einen Link einzutragen. (optional)<\/label><input type=\"url\" name=\"url-1\" value=\"\" placeholder=\"\" id=\"forminator-field-url-1_69f37ebeae060\" class=\"forminator-input forminator-website--field\" data-required=\"\" aria-required=\"false\" \/><\/div><\/div><\/div><div class=\"forminator-row\"><div id=\"checkbox-1\" class=\"forminator-field-checkbox forminator-col forminator-col-12 \"><div role=\"group\" class=\"forminator-field required\" aria-labelledby=\"forminator-checkbox-group-forminator-field-checkbox-1-69f37ebeae060-label\"><span id=\"forminator-checkbox-group-forminator-field-checkbox-1-69f37ebeae060-label\" class=\"forminator-label\">Hinweis: Mir ist beswusst das ich mein Anligen so detaliert wie m\u00f6glich angeben muss, und ich dar\u00fcber informiert bin das es leider Themem gibt die vielleicht nicht auf anhieb oder vielleicht auch nicht zu meinen zufriedenheit von dem TS Inhaber entschieden werden k\u00f6nnen. Dieses muss ich dann nat\u00fcrlich auch Respektieren. <span class=\"forminator-required\">*<\/span><\/span><label id=\"forminator-field-checkbox-1-1-69f37ebeae060-label\" for=\"forminator-field-checkbox-1-1-69f37ebeae060\" class=\"forminator-checkbox\" title=\"Gelesen\/Stimme zu(*)\"><input type=\"checkbox\" name=\"checkbox-1[]\" value=\"Gelesen\/Stimme zu(*)\" id=\"forminator-field-checkbox-1-1-69f37ebeae060\" aria-labelledby=\"forminator-field-checkbox-1-1-69f37ebeae060-label\" data-calculation=\"0\"  \/><span class=\"forminator-checkbox-box\" aria-hidden=\"true\"><\/span><span class=\"forminator-checkbox-label\">Gelesen\/Stimme zu(*)<\/span><\/label><\/div><\/div><\/div><div class=\"forminator-row\"><\/div><input type=\"hidden\" name=\"referer_url\" value=\"\" \/><div class=\"forminator-row forminator-row-last\"><div class=\"forminator-col\"><div class=\"forminator-field\"><button class=\"forminator-button forminator-button-submit\">Anonym Abschicken<\/button><\/div><\/div><\/div><input type=\"hidden\" id=\"forminator_nonce\" name=\"forminator_nonce\" value=\"515e8c670a\" \/><input type=\"hidden\" name=\"_wp_http_referer\" value=\"\/eventconvoy\/wp-json\/wp\/v2\/pages\/107\" \/><input type=\"hidden\" name=\"form_id\" value=\"201\"><input type=\"hidden\" name=\"page_id\" value=\"107\"><input type=\"hidden\" name=\"form_type\" value=\"default\"><input type=\"hidden\" name=\"current_url\" value=\"https:\/\/djceetee.myds.me\/eventconvoy\/kontakt\/\"><input type=\"hidden\" name=\"render_id\" value=\"0\"><input type=\"hidden\" name=\"forminator-multifile-hidden\" class=\"forminator-multifile-hidden\"><input type=\"hidden\" name=\"action\" value=\"forminator_submit_form_custom-forms\"><\/form><\/div>\n\t\t\t\t\t\t<\/div>\n\t\t\t\t<\/div>\n\t\t\t\t<\/div>\n\t\t\t\t\t<\/div>\n\t\t\t\t<\/div>\n\t\t\t\t<\/div>\n\t\t","protected":false},"excerpt":{"rendered":"<p>Kontakt Kummerkasten<\/p>\n","protected":false},"author":1,"featured_media":0,"parent":0,"menu_order":0,"comment_status":"closed","ping_status":"closed","template":"","meta":{"footnotes":""},"class_list":["post-107","page","type-page","status-publish","hentry"],"acf":[],"_links":{"self":[{"href":"https:\/\/djceetee.myds.me\/eventconvoy\/wp-json\/wp\/v2\/pages\/107","targetHints":{"allow":["GET"]}}],"collection":[{"href":"https:\/\/djceetee.myds.me\/eventconvoy\/wp-json\/wp\/v2\/pages"}],"about":[{"href":"https:\/\/djceetee.myds.me\/eventconvoy\/wp-json\/wp\/v2\/types\/page"}],"author":[{"embeddable":true,"href":"https:\/\/djceetee.myds.me\/eventconvoy\/wp-json\/wp\/v2\/users\/1"}],"replies":[{"embeddable":true,"href":"https:\/\/djceetee.myds.me\/eventconvoy\/wp-json\/wp\/v2\/comments?post=107"}],"version-history":[{"count":8,"href":"https:\/\/djceetee.myds.me\/eventconvoy\/wp-json\/wp\/v2\/pages\/107\/revisions"}],"predecessor-version":[{"id":207,"href":"https:\/\/djceetee.myds.me\/eventconvoy\/wp-json\/wp\/v2\/pages\/107\/revisions\/207"}],"wp:attachment":[{"href":"https:\/\/djceetee.myds.me\/eventconvoy\/wp-json\/wp\/v2\/media?parent=107"}],"curies":[{"name":"wp","href":"https:\/\/api.w.org\/{rel}","templated":true}]}}