{"id":110,"date":"2024-08-28T19:15:20","date_gmt":"2024-08-28T17:15:20","guid":{"rendered":"https:\/\/djceetee.myds.me\/eventconvoy\/?page_id=110"},"modified":"2024-09-20T12:08:39","modified_gmt":"2024-09-20T10:08:39","slug":"event-ts3-buchen","status":"publish","type":"page","link":"https:\/\/djceetee.myds.me\/eventconvoy\/event-ts3-buchen\/","title":{"rendered":"Event TS3 Buchen"},"content":{"rendered":"\t\t<div data-elementor-type=\"wp-page\" data-elementor-id=\"110\" class=\"elementor elementor-110\">\n\t\t\t\t<div class=\"elementor-element elementor-element-528f873 e-flex e-con-boxed wpr-particle-no wpr-jarallax-no wpr-parallax-no wpr-sticky-section-no wpr-equal-height-no e-con e-parent\" data-id=\"528f873\" data-element_type=\"container\" data-e-type=\"container\">\n\t\t\t\t\t<div class=\"e-con-inner\">\n\t\t\t\t<div class=\"elementor-element elementor-element-b5d2ee6 elementor-widget elementor-widget-text-editor\" data-id=\"b5d2ee6\" data-element_type=\"widget\" data-e-type=\"widget\" data-widget_type=\"text-editor.default\">\n\t\t\t\t<div class=\"elementor-widget-container\">\n\t\t\t\t\t\t\t\t\t<p><strong>Wichtiger Hinweis! Wenn Datei Anh\u00e4nge mit gesendet werden kann es einige Sekunden dauern (bis zu 30 sek.), bis diese Daten gesendet wurden. Bitte warte bis die Sendebest\u00e4tigung erscheint und lade die Seite in dieser Zeit bitte nicht neu, da sonst die Daten gel\u00f6scht werden. Danke f\u00fcr das Verst\u00e4ndnis!<br \/><\/strong><\/p>\t\t\t\t\t\t\t\t<\/div>\n\t\t\t\t<\/div>\n\t\t\t\t\t<\/div>\n\t\t\t\t<\/div>\n\t\t<div class=\"elementor-element elementor-element-05ceb60 e-flex e-con-boxed wpr-particle-no wpr-jarallax-no wpr-parallax-no wpr-sticky-section-no wpr-equal-height-no e-con e-parent\" data-id=\"05ceb60\" data-element_type=\"container\" data-e-type=\"container\">\n\t\t\t\t\t<div class=\"e-con-inner\">\n\t\t\t\t<div class=\"elementor-element elementor-element-3c9fb38 elementor-widget elementor-widget-shortcode\" data-id=\"3c9fb38\" data-element_type=\"widget\" data-e-type=\"widget\" data-widget_type=\"shortcode.default\">\n\t\t\t\t<div class=\"elementor-widget-container\">\n\t\t\t\t\t\t\t<div class=\"elementor-shortcode\"><div class=\"forminator-ui forminator-custom-form forminator-custom-form-193 forminator-design--default  forminator_ajax\" data-forminator-render=\"0\" data-form=\"forminator-module-193\" data-uid=\"69f21dfdc0250\"><br\/><\/div><form\n\t\t\t\tid=\"forminator-module-193\"\n\t\t\t\tclass=\"forminator-ui forminator-custom-form forminator-custom-form-193 forminator-design--default  forminator_ajax\"\n\t\t\t\tmethod=\"post\"\n\t\t\t\tdata-forminator-render=\"0\"\n\t\t\t\tdata-form-id=\"193\"\n\t\t\t\tenctype=\"multipart\/form-data\" data-color-option=\"default\" data-design=\"default\" data-grid=\"open\" style=\"display: none;\"\n\t\t\t\tdata-uid=\"69f21dfdc0250\"\n\t\t\t><div role=\"alert\" aria-live=\"polite\" class=\"forminator-response-message forminator-error\" aria-hidden=\"true\"><\/div><div class=\"forminator-row\"><div id=\"name-2\" class=\"forminator-field-name forminator-col forminator-col-12 \"><div class=\"forminator-field\"><label for=\"forminator-field-name-2_69f21dfdc0250\" id=\"forminator-field-name-2_69f21dfdc0250-label\" class=\"forminator-label\">Veranstaltende Spedition (Bitte Ausschreiben) <span class=\"forminator-required\">*<\/span><\/label><input type=\"text\" name=\"name-2\" value=\"\" placeholder=\"z. B. Gamingclan Mustergames\" id=\"forminator-field-name-2_69f21dfdc0250\" class=\"forminator-input forminator-name--field\" aria-required=\"true\" autocomplete=\"name\" \/><\/div><\/div><\/div><div class=\"forminator-row\"><div id=\"name-3\" class=\"forminator-field-name forminator-col forminator-col-12 \"><div class=\"forminator-field\"><label for=\"forminator-field-name-3_69f21dfdc0250\" id=\"forminator-field-name-3_69f21dfdc0250-label\" class=\"forminator-label\">Ansprechpartner <span class=\"forminator-required\">*<\/span><\/label><input type=\"text\" name=\"name-3\" value=\"\" placeholder=\"z. B. Max Mustermann\" id=\"forminator-field-name-3_69f21dfdc0250\" class=\"forminator-input forminator-name--field\" aria-required=\"true\" autocomplete=\"name\" \/><\/div><\/div><\/div><div class=\"forminator-row\"><div id=\"email-1\" class=\"forminator-field-email forminator-col forminator-col-12 \"><div class=\"forminator-field\"><label for=\"forminator-field-email-1_69f21dfdc0250\" id=\"forminator-field-email-1_69f21dfdc0250-label\" class=\"forminator-label\">E-Mail-Adresse <span class=\"forminator-required\">*<\/span><\/label><input type=\"email\" name=\"email-1\" value=\"\" placeholder=\"z. B. max@mustermann.de\" id=\"forminator-field-email-1_69f21dfdc0250\" class=\"forminator-input forminator-email--field\" data-required=\"1\" aria-required=\"true\" autocomplete=\"email\" aria-describedby=\"forminator-field-email-1_69f21dfdc0250-description\" \/><span id=\"forminator-field-email-1_69f21dfdc0250-description\" class=\"forminator-description\">E-Mail zum best\u00e4tigen!<\/span><\/div><\/div><\/div><div class=\"forminator-row\"><div id=\"radio-2\" class=\"forminator-field-radio forminator-col forminator-col-12 \"><div role=\"radiogroup\" class=\"forminator-field\" aria-labelledby=\"forminator-radiogroup-radio-2-69f21dfdc0250-label\"><span id=\"forminator-radiogroup-radio-2-69f21dfdc0250-label\" class=\"forminator-label\">Anzahl der gesch\u00e4tzten Teilnemer <span class=\"forminator-required\">*<\/span><\/span><label id=\"forminator-field-radio-2-label-1\" for=\"forminator-field-radio-2-1-69f21dfdc0250\" class=\"forminator-radio\" title=\"10-50 Fahrer\"><input type=\"radio\" name=\"radio-2\" value=\"one\" id=\"forminator-field-radio-2-1-69f21dfdc0250\" aria-labelledby=\"forminator-field-radio-2-label-1\" data-calculation=\"0\"   data-hidden-behavior=\"zero\"\/><span class=\"forminator-radio-bullet\" aria-hidden=\"true\"><\/span><span class=\"forminator-radio-label\">10-50 Fahrer<\/span><\/label><label id=\"forminator-field-radio-2-label-2\" for=\"forminator-field-radio-2-2-69f21dfdc0250\" class=\"forminator-radio\" title=\"51-100 Fahrer\"><input type=\"radio\" name=\"radio-2\" value=\"two\" id=\"forminator-field-radio-2-2-69f21dfdc0250\" aria-labelledby=\"forminator-field-radio-2-label-2\" data-calculation=\"0\"   data-hidden-behavior=\"zero\"\/><span class=\"forminator-radio-bullet\" aria-hidden=\"true\"><\/span><span class=\"forminator-radio-label\">51-100 Fahrer<\/span><\/label><label id=\"forminator-field-radio-2-label-3\" for=\"forminator-field-radio-2-3-69f21dfdc0250\" class=\"forminator-radio\" title=\"101-150 Fahrer\"><input type=\"radio\" name=\"radio-2\" value=\"101-150-Fahrer\" id=\"forminator-field-radio-2-3-69f21dfdc0250\" aria-labelledby=\"forminator-field-radio-2-label-3\" data-calculation=\"0\"   data-hidden-behavior=\"zero\"\/><span class=\"forminator-radio-bullet\" aria-hidden=\"true\"><\/span><span class=\"forminator-radio-label\">101-150 Fahrer<\/span><\/label><label id=\"forminator-field-radio-2-label-4\" for=\"forminator-field-radio-2-4-69f21dfdc0250\" class=\"forminator-radio\" title=\"151-250 max. Fahrer\"><input type=\"radio\" name=\"radio-2\" value=\"151-250-max.-Fahrer\" id=\"forminator-field-radio-2-4-69f21dfdc0250\" aria-labelledby=\"forminator-field-radio-2-label-4\" data-calculation=\"0\"   data-hidden-behavior=\"zero\"\/><span class=\"forminator-radio-bullet\" aria-hidden=\"true\"><\/span><span class=\"forminator-radio-label\">151-250 max. Fahrer<\/span><\/label><\/div><\/div><\/div><div class=\"forminator-row\"><div id=\"radio-3\" class=\"forminator-field-radio forminator-col forminator-col-12 \"><div role=\"radiogroup\" class=\"forminator-field\" aria-labelledby=\"forminator-radiogroup-radio-3-69f21dfdc0250-label\"><span id=\"forminator-radiogroup-radio-3-69f21dfdc0250-label\" class=\"forminator-label\">Ist dein Spedition Partner vom EventConvoy? <span class=\"forminator-required\">*<\/span><\/span><label id=\"forminator-field-radio-3-label-1\" for=\"forminator-field-radio-3-1-69f21dfdc0250\" class=\"forminator-radio\" title=\"Ja\"><input type=\"radio\" name=\"radio-3\" value=\"one\" id=\"forminator-field-radio-3-1-69f21dfdc0250\" aria-labelledby=\"forminator-field-radio-3-label-1\" data-calculation=\"0\"   data-hidden-behavior=\"zero\"\/><span class=\"forminator-radio-bullet\" aria-hidden=\"true\"><\/span><span class=\"forminator-radio-label\">Ja<\/span><\/label><label id=\"forminator-field-radio-3-label-2\" for=\"forminator-field-radio-3-2-69f21dfdc0250\" class=\"forminator-radio\" title=\"Nein\"><input type=\"radio\" name=\"radio-3\" value=\"two\" id=\"forminator-field-radio-3-2-69f21dfdc0250\" aria-labelledby=\"forminator-field-radio-3-label-2\" data-calculation=\"0\"   data-hidden-behavior=\"zero\"\/><span class=\"forminator-radio-bullet\" aria-hidden=\"true\"><\/span><span class=\"forminator-radio-label\">Nein<\/span><\/label><\/div><\/div><\/div><div class=\"forminator-row\"><div id=\"name-1\" class=\"forminator-field-name forminator-col forminator-col-12 \"><div class=\"forminator-field\"><label for=\"forminator-field-name-1_69f21dfdc0250\" id=\"forminator-field-name-1_69f21dfdc0250-label\" class=\"forminator-label\">TuckersMP-\/Event link (falls vorhanden)<\/label><input type=\"text\" name=\"name-1\" value=\"\" placeholder=\"z. B. https:\/\/exemple\/event3456\" id=\"forminator-field-name-1_69f21dfdc0250\" class=\"forminator-input forminator-name--field\" aria-required=\"false\" autocomplete=\"name\" aria-describedby=\"forminator-field-name-1_69f21dfdc0250-description\" \/><span id=\"forminator-field-name-1_69f21dfdc0250-description\" class=\"forminator-description\">WICHTIG: Wenn du einen TMP-\/Event link angibst wo alle Event Daten vorhanden sind brauchst du das untere nicht mehr ausf\u00fcllen.<\/span><\/div><\/div><\/div><div class=\"forminator-row\"><div id=\"textarea-1\" class=\"forminator-field-textarea forminator-col forminator-col-12 \"><div class=\"forminator-field\"><label for=\"forminator-field-textarea-1_69f21dfdc0250\" id=\"forminator-field-textarea-1_69f21dfdc0250-label\" class=\"forminator-label\">Kompletter Event Text (falls vorhanden)<\/label><textarea name=\"textarea-1\" placeholder=\"\" id=\"forminator-field-textarea-1_69f21dfdc0250\" class=\"forminator-textarea\" rows=\"6\" style=\"--forminator-textarea-min-height:140px;\" aria-describedby=\"forminator-field-textarea-1_69f21dfdc0250-description\" ><\/textarea><span id=\"forminator-field-textarea-1_69f21dfdc0250-description\" class=\"forminator-description\">Hast du schon einen vorgefertigten Event Text, in dem Alle Informationen stehen? Dann kannst du diesen hier einfugen und brauchst die unteren Felder nicht mehr ausf\u00fcllen.<\/span><\/div><\/div><\/div><div class=\"forminator-row\"><div id=\"radio-1\" class=\"forminator-field-radio forminator-col forminator-col-12 \"><div role=\"radiogroup\" class=\"forminator-field\" aria-labelledby=\"forminator-radiogroup-radio-1-69f21dfdc0250-label\"><span id=\"forminator-radiogroup-radio-1-69f21dfdc0250-label\" class=\"forminator-label\">Welcher Trucksim<\/span><label id=\"forminator-field-radio-1-label-1\" for=\"forminator-field-radio-1-1-69f21dfdc0250\" class=\"forminator-radio forminator-has_image forminator-has_bullet forminator-radio-inline\" title=\"ETS2\"><input type=\"radio\" name=\"radio-1\" value=\"one\" id=\"forminator-field-radio-1-1-69f21dfdc0250\" aria-labelledby=\"forminator-field-radio-1-label-1\" data-calculation=\"0\"   data-hidden-behavior=\"zero\"\/><span class=\"forminator-radio-bullet\" aria-hidden=\"true\"><\/span><span class=\"forminator-radio-label\">ETS2<\/span><span class=\"forminator-radio-image\" aria-hidden=\"true\"><span style=\"background-image: url(https:\/\/djceetee.myds.me\/rex\/wp-content\/uploads\/2024\/03\/ets2.png);\"><\/span><\/span><\/label><label id=\"forminator-field-radio-1-label-2\" for=\"forminator-field-radio-1-2-69f21dfdc0250\" class=\"forminator-radio forminator-has_image forminator-has_bullet forminator-radio-inline\" title=\"ATS\"><input type=\"radio\" name=\"radio-1\" value=\"two\" id=\"forminator-field-radio-1-2-69f21dfdc0250\" aria-labelledby=\"forminator-field-radio-1-label-2\" data-calculation=\"0\"   data-hidden-behavior=\"zero\"\/><span class=\"forminator-radio-bullet\" aria-hidden=\"true\"><\/span><span class=\"forminator-radio-label\">ATS<\/span><span class=\"forminator-radio-image\" aria-hidden=\"true\"><span style=\"background-image: url(https:\/\/djceetee.myds.me\/rex\/wp-content\/uploads\/2024\/03\/ats.png);\"><\/span><\/span><\/label><\/div><\/div><\/div><div class=\"forminator-row\"><div id=\"name-4\" class=\"forminator-field-name forminator-col forminator-col-12 \"><div class=\"forminator-field\"><label for=\"forminator-field-name-4_69f21dfdc0250\" id=\"forminator-field-name-4_69f21dfdc0250-label\" class=\"forminator-label\">Name des Events<\/label><input type=\"text\" name=\"name-4\" value=\"\" placeholder=\"\" id=\"forminator-field-name-4_69f21dfdc0250\" class=\"forminator-input forminator-name--field\" aria-required=\"false\" autocomplete=\"name\" \/><\/div><\/div><\/div><div class=\"forminator-row\"><div id=\"date-1\" class=\"forminator-field-date forminator-col forminator-col-12 \"><div class=\"forminator-field\"><label for=\"forminator-field-date-1-picker_69f21dfdc0250\" id=\"forminator-field-date-1-picker_69f21dfdc0250-label\" class=\"forminator-label\">Wann findet der Convoy statt (min. 1 Woche vorher)<\/label><div class=\"forminator-input-with-icon\"><span class=\"forminator-icon-calendar\" aria-hidden=\"true\"><\/span><input autocomplete=\"off\" type=\"text\" size=\"1\" name=\"date-1\" value=\"\" placeholder=\"Bitte Datum w\u00e4hlen\" id=\"forminator-field-date-1-picker_69f21dfdc0250\" class=\"forminator-input forminator-datepicker\" data-required=\"\" data-format=\"dd\/mm\/yy\" data-restrict-type=\"\" data-restrict=\"\" data-start-year=\"1926\" data-end-year=\"2126\" data-past-dates=\"enable\" data-start-of-week=\"1\" data-start-date=\"\" data-end-date=\"\" data-start-field=\"\" data-end-field=\"\" data-start-offset=\"\" data-end-offset=\"\" data-disable-date=\"\" data-disable-range=\"\" \/><\/div><\/div><\/div><\/div><div class=\"forminator-row\"><div id=\"name-8\" class=\"forminator-field-name forminator-col forminator-col-12 \"><div class=\"forminator-field\"><label for=\"forminator-field-name-8_69f21dfdc0250\" id=\"forminator-field-name-8_69f21dfdc0250-label\" class=\"forminator-label\">Treffen um<\/label><input type=\"text\" name=\"name-8\" value=\"\" placeholder=\"\" id=\"forminator-field-name-8_69f21dfdc0250\" class=\"forminator-input forminator-name--field\" aria-required=\"false\" autocomplete=\"name\" \/><\/div><\/div><\/div><div class=\"forminator-row\"><div id=\"name-5\" class=\"forminator-field-name forminator-col forminator-col-6 \"><div class=\"forminator-field\"><label for=\"forminator-field-name-5_69f21dfdc0250\" id=\"forminator-field-name-5_69f21dfdc0250-label\" class=\"forminator-label\">Start um<\/label><input type=\"text\" name=\"name-5\" value=\"\" placeholder=\"\" id=\"forminator-field-name-5_69f21dfdc0250\" class=\"forminator-input forminator-name--field\" aria-required=\"false\" autocomplete=\"name\" \/><\/div><\/div><div id=\"name-10\" class=\"forminator-field-name forminator-col forminator-col-6 \"><div class=\"forminator-field\"><label for=\"forminator-field-name-10_69f21dfdc0250\" id=\"forminator-field-name-10_69f21dfdc0250-label\" class=\"forminator-label\">Stadt \/ Firma<\/label><input type=\"text\" name=\"name-10\" value=\"\" placeholder=\"\" id=\"forminator-field-name-10_69f21dfdc0250\" class=\"forminator-input forminator-name--field\" aria-required=\"false\" autocomplete=\"name\" \/><\/div><\/div><\/div><div class=\"forminator-row\"><div id=\"name-6\" class=\"forminator-field-name forminator-col forminator-col-6 \"><div class=\"forminator-field\"><label for=\"forminator-field-name-6_69f21dfdc0250\" id=\"forminator-field-name-6_69f21dfdc0250-label\" class=\"forminator-label\">Pause (Minuten)<\/label><input type=\"text\" name=\"name-6\" value=\"\" placeholder=\"\" id=\"forminator-field-name-6_69f21dfdc0250\" class=\"forminator-input forminator-name--field\" aria-required=\"false\" autocomplete=\"name\" \/><\/div><\/div><div id=\"name-11\" class=\"forminator-field-name forminator-col forminator-col-6 \"><div class=\"forminator-field\"><label for=\"forminator-field-name-11_69f21dfdc0250\" id=\"forminator-field-name-11_69f21dfdc0250-label\" class=\"forminator-label\">Stadt \/ Firma<\/label><input type=\"text\" name=\"name-11\" value=\"\" placeholder=\"\" id=\"forminator-field-name-11_69f21dfdc0250\" class=\"forminator-input forminator-name--field\" aria-required=\"false\" autocomplete=\"name\" \/><\/div><\/div><\/div><div class=\"forminator-row\"><div id=\"name-7\" class=\"forminator-field-name forminator-col forminator-col-12 \"><div class=\"forminator-field\"><label for=\"forminator-field-name-7_69f21dfdc0250\" id=\"forminator-field-name-7_69f21dfdc0250-label\" class=\"forminator-label\">Ziel | Stadt \/ Firma<\/label><input type=\"text\" name=\"name-7\" value=\"\" placeholder=\"\" id=\"forminator-field-name-7_69f21dfdc0250\" class=\"forminator-input forminator-name--field\" aria-required=\"false\" autocomplete=\"name\" \/><\/div><\/div><\/div><div class=\"forminator-row\"><div id=\"name-9\" class=\"forminator-field-name forminator-col forminator-col-12 \"><div class=\"forminator-field\"><label for=\"forminator-field-name-9_69f21dfdc0250\" id=\"forminator-field-name-9_69f21dfdc0250-label\" class=\"forminator-label\">Gesamt km<\/label><input type=\"text\" name=\"name-9\" value=\"\" placeholder=\"\" id=\"forminator-field-name-9_69f21dfdc0250\" class=\"forminator-input forminator-name--field\" aria-required=\"false\" autocomplete=\"name\" \/><\/div><\/div><\/div><div class=\"forminator-row\"><div id=\"textarea-2\" class=\"forminator-field-textarea forminator-col forminator-col-12 \"><div class=\"forminator-field\"><label for=\"forminator-field-textarea-2_69f21dfdc0250\" id=\"forminator-field-textarea-2_69f21dfdc0250-label\" class=\"forminator-label\">Infos zur Veranstalltung<\/label><textarea name=\"textarea-2\" placeholder=\"Hier kannst du uns noch andere Infos zu deinem Convoy bereitstellen.\" id=\"forminator-field-textarea-2_69f21dfdc0250\" class=\"forminator-textarea\" rows=\"6\" style=\"--forminator-textarea-min-height:140px;\" ><\/textarea><\/div><\/div><\/div><div class=\"forminator-row\"><div id=\"upload-1\" class=\"forminator-field-upload forminator-col forminator-col-12 \"><div class=\"forminator-field\"><label for=\"forminator-field-upload-1_69f21dfdc0250\" id=\"forminator-field-upload-1_69f21dfdc0250-label\" class=\"forminator-label\">Streckenbilder\/Slots hochladen (Bilder oder als PDF)<\/label><div class=\"forminator-multi-upload \" data-element=\"upload-1_69f21dfdc0250\" aria-describedby=\"forminator-field-upload-1_69f21dfdc0250-description\"><input type=\"file\" name=\"upload-1[]\" id=\"forminator-field-upload-1_69f21dfdc0250\" class=\"forminator-input-file forminator-field-upload-1_69f21dfdc0250-193\" multiple=\"multiple\" data-method=\"ajax\" accept=\".jpg,.jpeg,.jpe,.gif,.png,.bmp,.tiff,.tif,.avif,.ico,.heic,.txt,.asc,.c,.cc,.h,.srt,.ics,.rtf,.class,.zip,.psd,.xcf,.xla,.xls,.xlt,.xlw,.xlsx,.woff,.woff2,.ttf,.eot,.otf,.7z,.ods,.pptx,.pptm,.doc,.docx,.dotm,.odt,.webp,.pot,.pps,.ppt,.pdf,.ppt\" data-limit=\"10\" data-limit-message=\"Du kannst h\u00f6chstens 10 Dateien hochladen.\" data-size=\"12000000\" data-size-message=\"Die maximale Dateigr\u00f6\u00dfe betr\u00e4gt 12 MB. \" data-filetype=\"jpg|jpeg|jpe|gif|png|bmp|tiff|tif|avif|ico|heic|txt|asc|c|cc|h|srt|ics|rtf|class|zip|psd|xcf|xla|xls|xlt|xlw|xlsx|woff|woff2|ttf|eot|otf|7z|ods|pptx|pptm|doc|docx|dotm|odt|webp|pot|pps|ppt|pdf|ppt\" data-filetype-message=\"Dateierweiterung ist nicht erlaubt.\"><div class=\"forminator-multi-upload-message\" aria-hidden=\"true\"><span class=\"forminator-icon-upload\" aria-hidden=\"true\"><\/span><p>Drag &amp; Drop (oder) <a class=\"forminator-upload-file--forminator-field-upload-1_69f21dfdc0250\" href=\"#\" onclick=\"return false;\">W\u00e4hle Dateien<\/a><\/p><\/div><\/div><span id=\"forminator-field-upload-1_69f21dfdc0250-description\" class=\"forminator-description\">Datei-Upload-Limit max.10 \/ Dateigr\u00f6\u00dfenlimit pro Datei max. 10 MB<\/span><ul class=\"forminator-uploaded-files upload-container-upload-1_69f21dfdc0250\"><\/ul><\/div><\/div><\/div><input type=\"hidden\" name=\"referer_url\" value=\"\" \/><div class=\"forminator-row forminator-row-last\"><div class=\"forminator-col\"><div class=\"forminator-field\"><button class=\"forminator-button forminator-button-submit\">Anfrage absenden<\/button><\/div><\/div><\/div><input type=\"hidden\" id=\"forminator_nonce\" name=\"forminator_nonce\" value=\"f996eda964\" \/><input type=\"hidden\" name=\"_wp_http_referer\" value=\"\/eventconvoy\/wp-json\/wp\/v2\/pages\/110\" \/><input type=\"hidden\" name=\"form_id\" value=\"193\"><input type=\"hidden\" name=\"page_id\" value=\"110\"><input type=\"hidden\" name=\"form_type\" value=\"default\"><input type=\"hidden\" name=\"current_url\" value=\"https:\/\/djceetee.myds.me\/eventconvoy\/event-ts3-buchen\/\"><input type=\"hidden\" name=\"render_id\" value=\"0\"><input type=\"hidden\" name=\"forminator-multifile-hidden\" class=\"forminator-multifile-hidden\"><input type=\"hidden\" name=\"action\" value=\"forminator_submit_form_custom-forms\"><\/form><\/div>\n\t\t\t\t\t\t<\/div>\n\t\t\t\t<\/div>\n\t\t\t\t\t<\/div>\n\t\t\t\t<\/div>\n\t\t\t\t<\/div>\n\t\t","protected":false},"excerpt":{"rendered":"<p>Wichtiger Hinweis! Wenn Datei Anh\u00e4nge mit gesendet werden kann es einige Sekunden dauern (bis zu 30 sek.), bis diese Daten gesendet wurden. Bitte warte bis die Sendebest\u00e4tigung erscheint und lade die Seite in dieser Zeit bitte nicht neu, da sonst die Daten gel\u00f6scht werden. Danke f\u00fcr das Verst\u00e4ndnis!<\/p>\n","protected":false},"author":1,"featured_media":0,"parent":0,"menu_order":0,"comment_status":"closed","ping_status":"closed","template":"","meta":{"footnotes":""},"class_list":["post-110","page","type-page","status-publish","hentry"],"acf":[],"_links":{"self":[{"href":"https:\/\/djceetee.myds.me\/eventconvoy\/wp-json\/wp\/v2\/pages\/110","targetHints":{"allow":["GET"]}}],"collection":[{"href":"https:\/\/djceetee.myds.me\/eventconvoy\/wp-json\/wp\/v2\/pages"}],"about":[{"href":"https:\/\/djceetee.myds.me\/eventconvoy\/wp-json\/wp\/v2\/types\/page"}],"author":[{"embeddable":true,"href":"https:\/\/djceetee.myds.me\/eventconvoy\/wp-json\/wp\/v2\/users\/1"}],"replies":[{"embeddable":true,"href":"https:\/\/djceetee.myds.me\/eventconvoy\/wp-json\/wp\/v2\/comments?post=110"}],"version-history":[{"count":13,"href":"https:\/\/djceetee.myds.me\/eventconvoy\/wp-json\/wp\/v2\/pages\/110\/revisions"}],"predecessor-version":[{"id":414,"href":"https:\/\/djceetee.myds.me\/eventconvoy\/wp-json\/wp\/v2\/pages\/110\/revisions\/414"}],"wp:attachment":[{"href":"https:\/\/djceetee.myds.me\/eventconvoy\/wp-json\/wp\/v2\/media?parent=110"}],"curies":[{"name":"wp","href":"https:\/\/api.w.org\/{rel}","templated":true}]}}