{"id":149,"date":"2024-08-29T10:56:44","date_gmt":"2024-08-29T08:56:44","guid":{"rendered":"https:\/\/djceetee.myds.me\/eventconvoy\/?page_id=149"},"modified":"2025-01-28T20:26:09","modified_gmt":"2025-01-28T19:26:09","slug":"odc-original-dienstagsconvoy","status":"publish","type":"page","link":"https:\/\/djceetee.myds.me\/eventconvoy\/odc-original-dienstagsconvoy\/","title":{"rendered":"[ODC] Original DienstagsConvoy"},"content":{"rendered":"\t\t<div data-elementor-type=\"wp-page\" data-elementor-id=\"149\" class=\"elementor elementor-149\">\n\t\t\t\t<div class=\"elementor-element elementor-element-8967073 e-flex e-con-boxed wpr-particle-no wpr-jarallax-no wpr-parallax-no wpr-sticky-section-no wpr-equal-height-no e-con e-parent\" data-id=\"8967073\" data-element_type=\"container\" data-e-type=\"container\">\n\t\t\t\t\t<div class=\"e-con-inner\">\n\t\t\t\t<div class=\"elementor-element elementor-element-a2225a0 elementor-widget elementor-widget-image\" data-id=\"a2225a0\" data-element_type=\"widget\" data-e-type=\"widget\" data-widget_type=\"image.default\">\n\t\t\t\t<div class=\"elementor-widget-container\">\n\t\t\t\t\t\t\t\t\t\t\t\t\t\t\t<img decoding=\"async\" width=\"205\" height=\"172\" src=\"https:\/\/djceetee.myds.me\/eventconvoy\/wp-content\/uploads\/2024\/08\/truck1.jpg\" class=\"attachment-large size-large wp-image-67\" alt=\"\" \/>\t\t\t\t\t\t\t\t\t\t\t\t\t\t\t<\/div>\n\t\t\t\t<\/div>\n\t\t\t\t<div class=\"elementor-element elementor-element-906f380 elementor-widget elementor-widget-text-editor\" data-id=\"906f380\" data-element_type=\"widget\" data-e-type=\"widget\" data-widget_type=\"text-editor.default\">\n\t\t\t\t<div class=\"elementor-widget-container\">\n\t\t\t\t\t\t\t\t\t<p>Die Convoy Daten sind umgezogen. Diese k\u00f6nnen nun \u00fcber den Event-Ts.de Discord eingesehen und f\u00fcr Discord-Besitzer\/Admins aboniert werden.<br \/><a href=\"https:\/\/discord.com\/invite\/QyDaYVETh8\">https:\/\/discord.com\/invite\/QyDaYVETh8<\/a><\/p>\t\t\t\t\t\t\t\t<\/div>\n\t\t\t\t<\/div>\n\t\t\t\t\t<\/div>\n\t\t\t\t<\/div>\n\t\t<div class=\"elementor-element elementor-element-a703b58 e-flex e-con-boxed wpr-particle-no wpr-jarallax-no wpr-parallax-no wpr-sticky-section-no wpr-equal-height-no e-con e-parent\" data-id=\"a703b58\" data-element_type=\"container\" data-e-type=\"container\">\n\t\t\t\t\t<div class=\"e-con-inner\">\n\t\t\t\t<div class=\"elementor-element elementor-element-c6fc70d elementor-widget elementor-widget-text-editor\" data-id=\"c6fc70d\" data-element_type=\"widget\" data-e-type=\"widget\" data-widget_type=\"text-editor.default\">\n\t\t\t\t<div class=\"elementor-widget-container\">\n\t\t\t\t\t\t\t\t\t<p><strong>Regeln <span class=\"hiddenSpellError\">ODC<\/span>:<br \/><br \/>Gegenseitiger Respekt und H\u00f6flichkeit ist ein Muss.<br \/>Guten Laune und viel Spa\u00df zum <span class=\"hiddenSpellError\">Convoy<\/span> mitbringen.<br \/>Original <span class=\"hiddenSpellError\">Dienstagsconvoys<\/span> finden grunds\u00e4tzlich auf TS3: &#8222;<span class=\"hiddenSpellError\">eventconvoy<\/span>&#8220; statt.<br \/>Beim Streamen\/<span class=\"hiddenSpellError\">Record<\/span> ist es Pflicht, sich das LIVE\/<span class=\"hiddenSpellError\">REC<\/span> Zeichen im TS3 zu geben. Dies ben\u00f6tigt keiner weiteren Zustimmung anderer Member.<br \/>Das \u00dcberholen im <span class=\"hiddenSpellError\">Convoy<\/span> ist Verboten.<br \/>Ohne Anmeldung d\u00fcrfen Max. 6 G\u00e4ste eingeladen werden, ohne Abstimmung. Bei mehr als 7 G\u00e4sten bitte Bescheid geben.<br \/>Der Gr\u00fcnder (REX) hat die Hauptentscheidung<span class=\"hiddenGrammarError\">(<\/span>wenn es allgemeine Themen betrifft, kann jeder seine Meinung h\u00f6flich und sachlich \u00e4u\u00dfern.).<\/strong><\/p>\t\t\t\t\t\t\t\t<\/div>\n\t\t\t\t<\/div>\n\t\t\t\t\t<\/div>\n\t\t\t\t<\/div>\n\t\t\t\t<\/div>\n\t\t","protected":false},"excerpt":{"rendered":"<p>Die Convoy Daten sind umgezogen. Diese k\u00f6nnen nun \u00fcber den Event-Ts.de Discord eingesehen und f\u00fcr Discord-Besitzer\/Admins aboniert werden.https:\/\/discord.com\/invite\/QyDaYVETh8 Regeln ODC: Gegenseitiger Respekt und H\u00f6flichkeit ist ein Muss.Guten Laune und viel Spa\u00df zum Convoy mitbringen.Original Dienstagsconvoys finden grunds\u00e4tzlich auf TS3: &#8222;eventconvoy&#8220; statt.Beim Streamen\/Record ist es Pflicht, sich das LIVE\/REC Zeichen im TS3 zu geben. Dies ben\u00f6tigt keiner weiteren Zustimmung anderer Member.Das \u00dcberholen im Convoy ist Verboten.Ohne Anmeldung d\u00fcrfen Max. 6 G\u00e4ste eingeladen werden, ohne Abstimmung. Bei mehr als 7 G\u00e4sten bitte Bescheid geben.Der Gr\u00fcnder (REX) hat die Hauptentscheidung(wenn es allgemeine Themen betrifft, kann jeder seine Meinung h\u00f6flich und sachlich \u00e4u\u00dfern.).<\/p>\n","protected":false},"author":1,"featured_media":0,"parent":0,"menu_order":0,"comment_status":"closed","ping_status":"closed","template":"","meta":{"footnotes":""},"class_list":["post-149","page","type-page","status-publish","hentry"],"acf":[],"_links":{"self":[{"href":"https:\/\/djceetee.myds.me\/eventconvoy\/wp-json\/wp\/v2\/pages\/149","targetHints":{"allow":["GET"]}}],"collection":[{"href":"https:\/\/djceetee.myds.me\/eventconvoy\/wp-json\/wp\/v2\/pages"}],"about":[{"href":"https:\/\/djceetee.myds.me\/eventconvoy\/wp-json\/wp\/v2\/types\/page"}],"author":[{"embeddable":true,"href":"https:\/\/djceetee.myds.me\/eventconvoy\/wp-json\/wp\/v2\/users\/1"}],"replies":[{"embeddable":true,"href":"https:\/\/djceetee.myds.me\/eventconvoy\/wp-json\/wp\/v2\/comments?post=149"}],"version-history":[{"count":70,"href":"https:\/\/djceetee.myds.me\/eventconvoy\/wp-json\/wp\/v2\/pages\/149\/revisions"}],"predecessor-version":[{"id":741,"href":"https:\/\/djceetee.myds.me\/eventconvoy\/wp-json\/wp\/v2\/pages\/149\/revisions\/741"}],"wp:attachment":[{"href":"https:\/\/djceetee.myds.me\/eventconvoy\/wp-json\/wp\/v2\/media?parent=149"}],"curies":[{"name":"wp","href":"https:\/\/api.w.org\/{rel}","templated":true}]}}