{"id":26,"date":"2024-08-28T10:45:27","date_gmt":"2024-08-28T08:45:27","guid":{"rendered":"https:\/\/djceetee.myds.me\/eventconvoy\/?page_id=26"},"modified":"2025-12-25T12:20:10","modified_gmt":"2025-12-25T11:20:10","slug":"startseite","status":"publish","type":"page","link":"https:\/\/djceetee.myds.me\/eventconvoy\/","title":{"rendered":"Startseite"},"content":{"rendered":"\t\t<div data-elementor-type=\"wp-page\" data-elementor-id=\"26\" class=\"elementor elementor-26\">\n\t\t\t\t<div class=\"elementor-element elementor-element-f1b3e95 e-flex e-con-boxed wpr-particle-no wpr-jarallax-no wpr-parallax-no wpr-sticky-section-no wpr-equal-height-no e-con e-parent\" data-id=\"f1b3e95\" data-element_type=\"container\" data-e-type=\"container\">\n\t\t\t\t\t<div class=\"e-con-inner\">\n\t\t\t\t\t<\/div>\n\t\t\t\t<\/div>\n\t\t<div class=\"elementor-element elementor-element-7a44262 e-flex e-con-boxed wpr-particle-no wpr-jarallax-no wpr-parallax-no wpr-sticky-section-no wpr-equal-height-no e-con e-parent\" data-id=\"7a44262\" data-element_type=\"container\" data-e-type=\"container\">\n\t\t\t\t\t<div class=\"e-con-inner\">\n\t\t\t\t<div class=\"elementor-element elementor-element-17cd488 elementor-widget elementor-widget-text-editor\" data-id=\"17cd488\" data-element_type=\"widget\" data-e-type=\"widget\" data-widget_type=\"text-editor.default\">\n\t\t\t\t<div class=\"elementor-widget-container\">\n\t\t\t\t\t\t\t\t\t<h1>Abschied und Dank f\u00fcr 5 1\/2 Jahre unvergessliche Erlebnisse<\/h1><p>\u00a0<\/p><p>Liebe EventConvoy-Community, nach unglaublichen 5 1\/2 Jahren voller gemeinsamer Erlebnisse, Spa\u00df und vielen unvergesslichen Momenten m\u00fcssen wir uns leider vorerst verabschieden. Am 26.12.2025 wird der EventConvoy vor\u00fcbergehend abgeschaltet \u2013 ein Moment, der uns allen wohl nicht leichtf\u00e4llt. Doch auch wenn der Abschied bevorsteht, wollen wir auf all das zur\u00fcckblicken, was wir zusammen erreicht haben. Diese Jahre waren voller aufregender Events, gemeinsamer Abenteuer und intensiver Erlebnisse. Wir haben zusammen gelacht, gefeiert und das EventConvoy zu dem gemacht, was es heute ist \u2013 ein Ort, an dem Freundschaften entstanden sind, in dem Ideen geteilt wurden und in dem viele von euch ihre besten Momente erlebt haben. Jede einzelne Erinnerung, die wir mit euch teilen durften, hat unser EventConvoy so besonders gemacht. Wir m\u00f6chten uns von Herzen bei jedem einzelnen von euch bedanken. Ohne eure Unterst\u00fctzung, eure Begeisterung und eure Teilnahme w\u00e4re diese Reise nicht m\u00f6glich gewesen. Ihr habt das EventConvoy zu einem einzigartigen Erlebnis gemacht. Auch wenn wir uns jetzt vorerst verabschieden, hoffen wir, dass sich unsere Wege vielleicht irgendwann wieder auf dem Event-TS oder an anderer Stelle kreuzen werden. Wer wei\u00df, vielleicht gibt es eines Tages ein \u201eWiedersehen\u201c, das neue Erinnerungen und Abenteuer f\u00fcr uns bereith\u00e4lt. Bis dahin m\u00f6chte ich sagen: Danke f\u00fcr alles! Es war eine gro\u00dfartige Zeit, und wir werden die gemeinsamen Erlebnisse nie vergessen. Vielleicht sehen wir uns irgendwann wieder. Mein besonderer Dank geht auch nochmal an die Serverbetreiber und den Sponsoren, die den EventConvoy freiwillig Technisch und Finanziell mit unterst\u00fctzt haben. Mit den besten W\u00fcnschen und einem herzlichen \u201eAuf Wiedersehen\u201c,<\/p><p><strong>Euer EventConvoy-Team<\/strong><\/p>\t\t\t\t\t\t\t\t<\/div>\n\t\t\t\t<\/div>\n\t\t\t\t\t<\/div>\n\t\t\t\t<\/div>\n\t\t<div class=\"elementor-element elementor-element-0241f56 e-flex e-con-boxed wpr-particle-no wpr-jarallax-no wpr-parallax-no wpr-sticky-section-no wpr-equal-height-no e-con e-parent\" data-id=\"0241f56\" data-element_type=\"container\" data-e-type=\"container\">\n\t\t\t\t\t<div class=\"e-con-inner\">\n\t\t\t\t<div class=\"elementor-element elementor-element-2db3bbb elementor-widget elementor-widget-image\" data-id=\"2db3bbb\" data-element_type=\"widget\" data-e-type=\"widget\" data-widget_type=\"image.default\">\n\t\t\t\t<div class=\"elementor-widget-container\">\n\t\t\t\t\t\t\t\t\t\t\t\t\t\t\t<img fetchpriority=\"high\" decoding=\"async\" width=\"300\" height=\"300\" src=\"https:\/\/djceetee.myds.me\/eventconvoy\/wp-content\/uploads\/2025\/01\/Event-Convoy-logo-300x300.png\" class=\"attachment-medium size-medium wp-image-716\" alt=\"\" srcset=\"https:\/\/djceetee.myds.me\/eventconvoy\/wp-content\/uploads\/2025\/01\/Event-Convoy-logo-300x300.png 300w, https:\/\/djceetee.myds.me\/eventconvoy\/wp-content\/uploads\/2025\/01\/Event-Convoy-logo-150x150.png 150w, https:\/\/djceetee.myds.me\/eventconvoy\/wp-content\/uploads\/2025\/01\/Event-Convoy-logo-768x768.png 768w, https:\/\/djceetee.myds.me\/eventconvoy\/wp-content\/uploads\/2025\/01\/Event-Convoy-logo-75x75.png 75w, https:\/\/djceetee.myds.me\/eventconvoy\/wp-content\/uploads\/2025\/01\/Event-Convoy-logo.png 858w\" sizes=\"(max-width: 300px) 100vw, 300px\" \/>\t\t\t\t\t\t\t\t\t\t\t\t\t\t\t<\/div>\n\t\t\t\t<\/div>\n\t\t\t\t<div class=\"elementor-element elementor-element-55a1ba0 elementor-widget elementor-widget-text-editor\" data-id=\"55a1ba0\" data-element_type=\"widget\" data-e-type=\"widget\" data-widget_type=\"text-editor.default\">\n\t\t\t\t<div class=\"elementor-widget-container\">\n\t\t\t\t\t\t\t\t\t<h1>\u00a0<\/h1><h1>Willkommen beim EventConvoy!<\/h1><h6>Sch\u00f6n, dass du den Weg zu uns gefunden hast! Der EventConvoy ist der zentrale Treffpunkt f\u00fcr alle, die gerne an gemeinsamen Convoys teilnehmen oder eigene Veranstaltungen organisieren m\u00f6chten. Hier kannst du ganz unkompliziert mit verschiedenen Communities in Kontakt treten und gemeinsam spannende Events erleben.<\/h6><h6>Unser Angebot richtet sich besonders an diejenigen, die keinen eigenen TeamSpeak 3 (TS3) Server besitzen oder sich keinen leisten k\u00f6nnen. Bei uns musst du dir dar\u00fcber keine Sorgen machen, denn der EventConvoy stellt dir alles kostenlos zur Verf\u00fcgung! Du kannst dich voll und ganz auf deine Events konzentrieren, ohne zus\u00e4tzliche Kosten.<\/h6><h6>In Zukunft planen wir sogar, einen eigenen SCS-Server anzubieten, der dir und den anderen Teilnehmern zur Verf\u00fcgung stehen wird. So hast du noch mehr M\u00f6glichkeiten, deine Events zu gestalten und mit anderen zu teilen.<\/h6><h6>Besonders interessant f\u00fcr dich k\u00f6nnten auch unsere Partnerschaften sein. Wenn du Partner wirst, erh\u00e4ltst du einige exklusive Vorteile. Dazu geh\u00f6rt unter anderem das Vorrecht, den TS3-Server f\u00fcr deine Veranstaltungen zu reservieren. So kannst du sicherstellen, dass dein Event reibungslos abl\u00e4uft.<\/h6><h6>Der EventConvoy ist unabh\u00e4ngig und f\u00fcr alle offen, die sich an unseren Veranstaltungen beteiligen m\u00f6chten. Bitte nimm dir einen Moment Zeit, um unser Regelwerk unter dem entsprechenden Reiter zu lesen. Es ist wichtig, dass sich alle an diese Regeln halten, damit wir gemeinsam eine angenehme und respektvolle Atmosph\u00e4re schaffen k\u00f6nnen.<\/h6><h6>Wir freuen uns darauf, dich bei unseren n\u00e4chsten Events begr\u00fc\u00dfen zu d\u00fcrfen und hoffen, dass du viel Spa\u00df bei uns hast!<\/h6><p>Die TS3 Adresse f\u00fcr den EventConvoy ist: <a href=\"https:\/\/invite.teamspeak.com\/eventconvoy\/\" target=\"_blank\" rel=\"noopener\">eventconvoy<\/a><\/p>\t\t\t\t\t\t\t\t<\/div>\n\t\t\t\t<\/div>\n\t\t\t\t\t<\/div>\n\t\t\t\t<\/div>\n\t\t\t\t<\/div>\n\t\t","protected":false},"excerpt":{"rendered":"<p>Abschied und Dank f\u00fcr 5 1\/2 Jahre unvergessliche Erlebnisse \u00a0 Liebe EventConvoy-Community, nach unglaublichen 5 1\/2 Jahren voller gemeinsamer Erlebnisse, Spa\u00df und vielen unvergesslichen Momenten m\u00fcssen wir uns leider vorerst verabschieden. Am 26.12.2025 wird der EventConvoy vor\u00fcbergehend abgeschaltet \u2013 ein Moment, der uns allen wohl nicht leichtf\u00e4llt. Doch auch wenn der Abschied bevorsteht, wollen wir auf all das zur\u00fcckblicken, was wir zusammen erreicht haben. Diese Jahre waren voller aufregender Events, gemeinsamer Abenteuer und intensiver Erlebnisse. Wir haben zusammen gelacht, gefeiert und das EventConvoy zu dem gemacht, was es heute ist \u2013 ein Ort, an dem Freundschaften entstanden sind, in dem Ideen geteilt wurden und in dem viele von euch ihre besten Momente erlebt haben. Jede einzelne Erinnerung, die wir mit euch teilen durften, hat unser EventConvoy so besonders gemacht. Wir m\u00f6chten uns von Herzen bei jedem einzelnen von euch bedanken. Ohne eure Unterst\u00fctzung, eure Begeisterung und eure Teilnahme w\u00e4re diese Reise nicht m\u00f6glich gewesen. Ihr habt das EventConvoy zu einem einzigartigen Erlebnis gemacht. Auch wenn wir uns jetzt vorerst verabschieden, hoffen wir, dass sich unsere Wege vielleicht irgendwann wieder auf dem Event-TS oder an anderer Stelle kreuzen werden. Wer wei\u00df, vielleicht gibt es eines Tages ein \u201eWiedersehen\u201c, das neue Erinnerungen und Abenteuer f\u00fcr uns bereith\u00e4lt. Bis dahin m\u00f6chte ich sagen: Danke f\u00fcr alles! Es war eine gro\u00dfartige Zeit, und wir werden die gemeinsamen Erlebnisse nie vergessen. Vielleicht sehen wir uns irgendwann wieder. Mein besonderer Dank geht auch nochmal an die Serverbetreiber und den Sponsoren, die den EventConvoy freiwillig Technisch und Finanziell mit unterst\u00fctzt haben. Mit den besten W\u00fcnschen und einem herzlichen \u201eAuf Wiedersehen\u201c, Euer EventConvoy-Team \u00a0 Willkommen beim EventConvoy! Sch\u00f6n, dass du den Weg zu uns gefunden hast! Der EventConvoy ist der zentrale Treffpunkt f\u00fcr alle, die gerne an gemeinsamen Convoys teilnehmen oder eigene Veranstaltungen organisieren m\u00f6chten. Hier kannst du ganz unkompliziert mit verschiedenen Communities in Kontakt treten und gemeinsam spannende Events erleben. Unser Angebot richtet sich besonders an diejenigen, die keinen eigenen TeamSpeak 3 (TS3) Server besitzen oder sich keinen leisten k\u00f6nnen. Bei uns musst du dir dar\u00fcber keine Sorgen machen, denn der EventConvoy stellt dir alles kostenlos zur Verf\u00fcgung! Du kannst dich voll und ganz auf deine Events konzentrieren, ohne zus\u00e4tzliche Kosten. In Zukunft planen wir sogar, einen eigenen SCS-Server anzubieten, der dir und den anderen Teilnehmern zur Verf\u00fcgung stehen wird. So hast du noch mehr M\u00f6glichkeiten, deine Events zu gestalten und mit anderen zu teilen. Besonders interessant f\u00fcr dich k\u00f6nnten auch unsere Partnerschaften sein. Wenn du Partner wirst, erh\u00e4ltst du einige exklusive Vorteile. Dazu geh\u00f6rt unter anderem das Vorrecht, den TS3-Server f\u00fcr deine Veranstaltungen zu reservieren. So kannst du sicherstellen, dass dein Event reibungslos abl\u00e4uft. Der EventConvoy ist unabh\u00e4ngig und f\u00fcr alle offen, die sich an unseren Veranstaltungen beteiligen m\u00f6chten. Bitte nimm dir einen Moment Zeit, um unser Regelwerk unter dem entsprechenden Reiter zu lesen. Es ist wichtig, dass sich alle an diese Regeln halten, damit wir gemeinsam eine angenehme und respektvolle Atmosph\u00e4re schaffen k\u00f6nnen. Wir freuen uns darauf, dich bei unseren n\u00e4chsten Events begr\u00fc\u00dfen zu d\u00fcrfen und hoffen, dass du viel Spa\u00df bei uns hast! Die TS3 Adresse f\u00fcr den EventConvoy ist: eventconvoy<\/p>\n","protected":false},"author":1,"featured_media":0,"parent":0,"menu_order":0,"comment_status":"closed","ping_status":"closed","template":"","meta":{"footnotes":""},"class_list":["post-26","page","type-page","status-publish","hentry"],"acf":[],"_links":{"self":[{"href":"https:\/\/djceetee.myds.me\/eventconvoy\/wp-json\/wp\/v2\/pages\/26","targetHints":{"allow":["GET"]}}],"collection":[{"href":"https:\/\/djceetee.myds.me\/eventconvoy\/wp-json\/wp\/v2\/pages"}],"about":[{"href":"https:\/\/djceetee.myds.me\/eventconvoy\/wp-json\/wp\/v2\/types\/page"}],"author":[{"embeddable":true,"href":"https:\/\/djceetee.myds.me\/eventconvoy\/wp-json\/wp\/v2\/users\/1"}],"replies":[{"embeddable":true,"href":"https:\/\/djceetee.myds.me\/eventconvoy\/wp-json\/wp\/v2\/comments?post=26"}],"version-history":[{"count":59,"href":"https:\/\/djceetee.myds.me\/eventconvoy\/wp-json\/wp\/v2\/pages\/26\/revisions"}],"predecessor-version":[{"id":818,"href":"https:\/\/djceetee.myds.me\/eventconvoy\/wp-json\/wp\/v2\/pages\/26\/revisions\/818"}],"wp:attachment":[{"href":"https:\/\/djceetee.myds.me\/eventconvoy\/wp-json\/wp\/v2\/media?parent=26"}],"curies":[{"name":"wp","href":"https:\/\/api.w.org\/{rel}","templated":true}]}}