{"id":30,"date":"2024-08-28T10:47:03","date_gmt":"2024-08-28T08:47:03","guid":{"rendered":"https:\/\/djceetee.myds.me\/eventconvoy\/?page_id=30"},"modified":"2024-10-17T14:02:10","modified_gmt":"2024-10-17T12:02:10","slug":"mc-mittwochs-convoy","status":"publish","type":"page","link":"https:\/\/djceetee.myds.me\/eventconvoy\/mc-mittwochs-convoy\/","title":{"rendered":"[MC] Mittwochs Convoy"},"content":{"rendered":"\t\t<div data-elementor-type=\"wp-page\" data-elementor-id=\"30\" class=\"elementor elementor-30\">\n\t\t\t\t<div class=\"elementor-element elementor-element-7e27337 e-flex e-con-boxed wpr-particle-no wpr-jarallax-no wpr-parallax-no wpr-sticky-section-no wpr-equal-height-no e-con e-parent\" data-id=\"7e27337\" data-element_type=\"container\" data-e-type=\"container\">\n\t\t\t\t\t<div class=\"e-con-inner\">\n\t\t\t\t<div class=\"elementor-element elementor-element-7e688ba elementor-widget elementor-widget-text-editor\" data-id=\"7e688ba\" data-element_type=\"widget\" data-e-type=\"widget\" data-widget_type=\"text-editor.default\">\n\t\t\t\t<div class=\"elementor-widget-container\">\n\t\t\t\t\t\t\t\t\t<p>Diese Convoy Daten sind umgezogen. Diese k\u00f6nnen nun \u00fcber den Event-Ts.de Discord eingesehen und f\u00fcr Discord-Besitzer\/Admins aboniert werden.<br \/><a href=\"https:\/\/discord.com\/invite\/QyDaYVETh8\">https:\/\/discord.com\/invite\/QyDaYVETh8<\/a><\/p>\t\t\t\t\t\t\t\t<\/div>\n\t\t\t\t<\/div>\n\t\t\t\t\t<\/div>\n\t\t\t\t<\/div>\n\t\t<div class=\"elementor-element elementor-element-06285ec e-flex e-con-boxed wpr-particle-no wpr-jarallax-no wpr-parallax-no wpr-sticky-section-no wpr-equal-height-no e-con e-parent\" data-id=\"06285ec\" data-element_type=\"container\" data-e-type=\"container\">\n\t\t\t\t\t<div class=\"e-con-inner\">\n\t\t\t\t<div class=\"elementor-element elementor-element-30f6e55 elementor-widget elementor-widget-text-editor\" data-id=\"30f6e55\" data-element_type=\"widget\" data-e-type=\"widget\" data-widget_type=\"text-editor.default\">\n\t\t\t\t<div class=\"elementor-widget-container\">\n\t\t\t\t\t\t\t\t\t<p><strong>Regeln:<\/strong><br \/>&#8211; LKW und Trailer nach Firmenvorgaben ( falls vorhanden) ansonsten frei nach Lust und Laune, beachtet aber Veranstalterw\u00fcnsche bitte<br \/><strong>Ge\u00e4ndert 11.09.2024 &#8211; Konvoil\u00e4nge max. 1400km\/950mi<\/strong><br \/><strong>Ge\u00e4ndert 11.09.2024- Ankunft am Ziel 21:50 Uhr inkl. Nachbesprechung<\/strong><br \/>&#8211; Starttreffpunkt genau beschreiben (Stadt, Firma, Parkplatz)<br \/>&#8211; Zielfirma f\u00fcr Fracht mit angeben<br \/>&#8211; Konvoi Daten bis sp\u00e4testens Sonntag Abend rein Posten ansonsten ist die n\u00e4chste Community dran<br \/>&#8211; Ganz viel Spa\u00df haben!<\/p>\t\t\t\t\t\t\t\t<\/div>\n\t\t\t\t<\/div>\n\t\t\t\t\t<\/div>\n\t\t\t\t<\/div>\n\t\t\t\t<\/div>\n\t\t","protected":false},"excerpt":{"rendered":"<p>Diese Convoy Daten sind umgezogen. Diese k\u00f6nnen nun \u00fcber den Event-Ts.de Discord eingesehen und f\u00fcr Discord-Besitzer\/Admins aboniert werden.https:\/\/discord.com\/invite\/QyDaYVETh8 Regeln:&#8211; LKW und Trailer nach Firmenvorgaben ( falls vorhanden) ansonsten frei nach Lust und Laune, beachtet aber Veranstalterw\u00fcnsche bitteGe\u00e4ndert 11.09.2024 &#8211; Konvoil\u00e4nge max. 1400km\/950miGe\u00e4ndert 11.09.2024- Ankunft am Ziel 21:50 Uhr inkl. Nachbesprechung&#8211; Starttreffpunkt genau beschreiben (Stadt, Firma, Parkplatz)&#8211; Zielfirma f\u00fcr Fracht mit angeben&#8211; Konvoi Daten bis sp\u00e4testens Sonntag Abend rein Posten ansonsten ist die n\u00e4chste Community dran&#8211; Ganz viel Spa\u00df haben!<\/p>\n","protected":false},"author":1,"featured_media":0,"parent":0,"menu_order":0,"comment_status":"closed","ping_status":"closed","template":"","meta":{"footnotes":""},"class_list":["post-30","page","type-page","status-publish","hentry"],"acf":[],"_links":{"self":[{"href":"https:\/\/djceetee.myds.me\/eventconvoy\/wp-json\/wp\/v2\/pages\/30","targetHints":{"allow":["GET"]}}],"collection":[{"href":"https:\/\/djceetee.myds.me\/eventconvoy\/wp-json\/wp\/v2\/pages"}],"about":[{"href":"https:\/\/djceetee.myds.me\/eventconvoy\/wp-json\/wp\/v2\/types\/page"}],"author":[{"embeddable":true,"href":"https:\/\/djceetee.myds.me\/eventconvoy\/wp-json\/wp\/v2\/users\/1"}],"replies":[{"embeddable":true,"href":"https:\/\/djceetee.myds.me\/eventconvoy\/wp-json\/wp\/v2\/comments?post=30"}],"version-history":[{"count":106,"href":"https:\/\/djceetee.myds.me\/eventconvoy\/wp-json\/wp\/v2\/pages\/30\/revisions"}],"predecessor-version":[{"id":637,"href":"https:\/\/djceetee.myds.me\/eventconvoy\/wp-json\/wp\/v2\/pages\/30\/revisions\/637"}],"wp:attachment":[{"href":"https:\/\/djceetee.myds.me\/eventconvoy\/wp-json\/wp\/v2\/media?parent=30"}],"curies":[{"name":"wp","href":"https:\/\/api.w.org\/{rel}","templated":true}]}}