{"id":188,"date":"2024-03-06T10:06:49","date_gmt":"2024-03-06T09:06:49","guid":{"rendered":"https:\/\/djceetee.myds.me\/rex\/?page_id=188"},"modified":"2024-03-27T15:41:22","modified_gmt":"2024-03-27T14:41:22","slug":"kontakt-2","status":"publish","type":"page","link":"https:\/\/djceetee.myds.me\/rex\/kontakt-2\/","title":{"rendered":"Kontakt"},"content":{"rendered":"\t\t<div data-elementor-type=\"wp-page\" data-elementor-id=\"188\" class=\"elementor elementor-188\">\n\t\t\t\t<div class=\"elementor-element elementor-element-485e8f8 e-flex e-con-boxed wpr-particle-no wpr-jarallax-no wpr-parallax-no wpr-sticky-section-no e-con e-parent\" data-id=\"485e8f8\" data-element_type=\"container\" data-e-type=\"container\">\n\t\t\t\t\t<div class=\"e-con-inner\">\n\t\t\t\t\t<\/div>\n\t\t\t\t<\/div>\n\t\t<div class=\"elementor-element elementor-element-1d4f552 e-flex e-con-boxed wpr-particle-no wpr-jarallax-no wpr-parallax-no wpr-sticky-section-no e-con e-parent\" data-id=\"1d4f552\" data-element_type=\"container\" data-e-type=\"container\">\n\t\t\t\t\t<div class=\"e-con-inner\">\n\t\t<div class=\"elementor-element elementor-element-a7f8ae9 e-con-full e-flex wpr-particle-no wpr-jarallax-no wpr-parallax-no wpr-sticky-section-no e-con e-child\" data-id=\"a7f8ae9\" data-element_type=\"container\" data-e-type=\"container\">\n\t\t\t\t<div class=\"elementor-element elementor-element-08180e0 elementor-widget elementor-widget-heading\" data-id=\"08180e0\" data-element_type=\"widget\" data-e-type=\"widget\" data-widget_type=\"heading.default\">\n\t\t\t\t<div class=\"elementor-widget-container\">\n\t\t\t\t\t<h6 class=\"elementor-heading-title elementor-size-default\">Kontakt Formular<\/h6>\t\t\t\t<\/div>\n\t\t\t\t<\/div>\n\t\t\t\t<div class=\"elementor-element elementor-element-d842d4d elementor-widget elementor-widget-shortcode\" data-id=\"d842d4d\" data-element_type=\"widget\" data-e-type=\"widget\" data-widget_type=\"shortcode.default\">\n\t\t\t\t<div class=\"elementor-widget-container\">\n\t\t\t\t\t\t\t<div class=\"elementor-shortcode\"><div class=\"forminator-ui forminator-custom-form forminator-custom-form-266 forminator-design--default  forminator_ajax\" data-forminator-render=\"0\" data-form=\"forminator-module-266\" data-uid=\"69d5e871b83cd\"><br\/><\/div><form\n\t\t\t\tid=\"forminator-module-266\"\n\t\t\t\tclass=\"forminator-ui forminator-custom-form forminator-custom-form-266 forminator-design--default  forminator_ajax\"\n\t\t\t\tmethod=\"post\"\n\t\t\t\tdata-forminator-render=\"0\"\n\t\t\t\tdata-form-id=\"266\"\n\t\t\t\tenctype=\"multipart\/form-data\" data-color-option=\"default\" data-design=\"default\" data-grid=\"open\" style=\"display: none;\"\n\t\t\t\tdata-uid=\"69d5e871b83cd\"\n\t\t\t><div role=\"alert\" aria-live=\"polite\" class=\"forminator-response-message forminator-error\" aria-hidden=\"true\"><\/div><div class=\"forminator-row\"><div id=\"text-1\" class=\"forminator-field-text forminator-col forminator-col-12 \"><div class=\"forminator-field\"><label for=\"forminator-field-text-1_69d5e871b83cd\" id=\"forminator-field-text-1_69d5e871b83cd-label\" class=\"forminator-label\">Dein Name <span class=\"forminator-required\">*<\/span><\/label><input type=\"text\" name=\"text-1\" value=\"\" placeholder=\"\" id=\"forminator-field-text-1_69d5e871b83cd\" class=\"forminator-input forminator-name--field\" data-required=\"1\" \/><\/div><\/div><\/div><div class=\"forminator-row\"><div id=\"email-1\" class=\"forminator-field-email forminator-col forminator-col-12 \"><div class=\"forminator-field\"><label for=\"forminator-field-email-1_69d5e871b83cd\" id=\"forminator-field-email-1_69d5e871b83cd-label\" class=\"forminator-label\">Deine E-Mail-Adresse <span class=\"forminator-required\">*<\/span><\/label><input type=\"email\" name=\"email-1\" value=\"\" placeholder=\"\" id=\"forminator-field-email-1_69d5e871b83cd\" class=\"forminator-input forminator-email--field\" data-required=\"1\" aria-required=\"true\" autocomplete=\"email\" \/><\/div><\/div><\/div><div class=\"forminator-row\"><div id=\"text-2\" class=\"forminator-field-text forminator-col forminator-col-12 \"><div class=\"forminator-field\"><label for=\"forminator-field-text-2_69d5e871b83cd\" id=\"forminator-field-text-2_69d5e871b83cd-label\" class=\"forminator-label\">Betreff <span class=\"forminator-required\">*<\/span><\/label><input type=\"text\" name=\"text-2\" value=\"\" placeholder=\"\" id=\"forminator-field-text-2_69d5e871b83cd\" class=\"forminator-input forminator-name--field\" data-required=\"1\" \/><\/div><\/div><\/div><div class=\"forminator-row\"><div id=\"textarea-1\" class=\"forminator-field-textarea forminator-col forminator-col-12 \"><div class=\"forminator-field\"><label for=\"forminator-field-textarea-1_69d5e871b83cd\" id=\"forminator-field-textarea-1_69d5e871b83cd-label\" class=\"forminator-label\">Deine Nachricht <span class=\"forminator-required\">*<\/span><\/label><textarea name=\"textarea-1\" placeholder=\"\" id=\"forminator-field-textarea-1_69d5e871b83cd\" class=\"forminator-textarea\" rows=\"6\" style=\"min-height:140px;\" maxlength=\"1000\" ><\/textarea><span id=\"forminator-field-textarea-1_69d5e871b83cd-description\" class=\"forminator-description\"><span data-limit=\"1000\" data-type=\"characters\" data-editor=\"\">0 \/ 1000<\/span><\/span><\/div><\/div><\/div><div class=\"forminator-row\"><div id=\"upload-1\" class=\"forminator-field-upload forminator-col forminator-col-12 \"><div class=\"forminator-field\"><label for=\"forminator-field-upload-1_69d5e871b83cd\" id=\"forminator-field-upload-1_69d5e871b83cd-label\" class=\"forminator-label\">Datei zum hochladen \u00e0 20MB pro Datei, max. 5 Dateien (optional)<\/label><div class=\"forminator-multi-upload \" data-element=\"upload-1_69d5e871b83cd\"><input type=\"file\" name=\"upload-1[]\" id=\"forminator-field-upload-1_69d5e871b83cd\" class=\"forminator-input-file forminator-field-upload-1_69d5e871b83cd-266\" multiple=\"multiple\" data-method=\"ajax\" accept=\".png,.jpg,.jpeg,.jpe,.bmp,.pdf,.doc,.docx,.mp3,.m4a,.m4b,.wav,.xcf,.psd,.gif,.odt,.pot,.pps,.ppt,.zip,.7z,.rtf,.txt,.asc,.c,.cc,.h,.srt,.xlsx,.xla,.xls,.xlt,.xlw\" data-size=\"100000000\" data-size-message=\"Die maximale Dateigr\u00f6\u00dfe betr\u00e4gt 100 MB. \" data-filetype=\"png|jpg|jpeg|jpe|bmp|pdf|doc|docx|mp3|m4a|m4b|wav|xcf|psd|gif|odt|pot|pps|ppt|zip|7z|rtf|txt|asc|c|cc|h|srt|xlsx|xla|xls|xlt|xlw\" data-filetype-message=\"Dateierweiterung ist nicht erlaubt.\"><div class=\"forminator-multi-upload-message\" aria-hidden=\"true\"><span class=\"forminator-icon-upload\" aria-hidden=\"true\"><\/span><p>Drag &amp; Drop (oder) <a class=\"forminator-upload-file--forminator-field-upload-1_69d5e871b83cd\" href=\"#\" onclick=\"return false;\">W\u00e4hle Dateien<\/a><\/p><\/div><\/div><ul class=\"forminator-uploaded-files upload-container-upload-1_69d5e871b83cd\"><\/ul><\/div><\/div><\/div><div class=\"forminator-row forminator-hidden\"><div id=\"hidden-1\" class=\"forminator-field-hidden  forminator-col-12 \"><input type=\"hidden\" id=\"hidden-1_69d5e871b83cd\" name=\"hidden-1\" value=\"216.73.216.150\" \/><\/div><\/div><div class=\"forminator-row\"><div id=\"captcha-1\" class=\"forminator-field-captcha forminator-col forminator-col-12 \"><div class=\"forminator-captcha-left forminator-g-recaptcha recaptcha-invisible\" data-theme=\"light\" data-badge=\"inline\" data-sitekey=\"6LcuNLMpAAAAAC4Jf1oFcrvsY6Qv-_EQM9fS889u\" data-size=\"invisible\"><\/div> <\/div><\/div><input type=\"hidden\" name=\"referer_url\" value=\"\" \/><div class=\"forminator-row forminator-row-last\"><div class=\"forminator-col\"><div class=\"forminator-field\"><button class=\"forminator-button forminator-button-submit\">Abschicken<\/button><\/div><\/div><\/div><input type=\"hidden\" id=\"forminator_nonce\" name=\"forminator_nonce\" value=\"051b8d5a81\" \/><input type=\"hidden\" name=\"_wp_http_referer\" value=\"\/rex\/wp-json\/wp\/v2\/pages\/188\" \/><input type=\"hidden\" name=\"form_id\" value=\"266\"><input type=\"hidden\" name=\"page_id\" value=\"188\"><input type=\"hidden\" name=\"form_type\" value=\"default\"><input type=\"hidden\" name=\"current_url\" value=\"https:\/\/djceetee.myds.me\/rex\/kontakt-2\/\"><input type=\"hidden\" name=\"render_id\" value=\"0\"><input type=\"hidden\" name=\"forminator-multifile-hidden\" class=\"forminator-multifile-hidden\"><input type=\"hidden\" name=\"action\" value=\"forminator_submit_form_custom-forms\"><\/form><\/div>\n\t\t\t\t\t\t<\/div>\n\t\t\t\t<\/div>\n\t\t\t\t<\/div>\n\t\t<div class=\"elementor-element elementor-element-a01a21a e-con-full e-flex wpr-particle-no wpr-jarallax-no wpr-parallax-no wpr-sticky-section-no e-con e-child\" data-id=\"a01a21a\" data-element_type=\"container\" data-e-type=\"container\">\n\t\t\t\t<div class=\"elementor-element elementor-element-d2ee72b elementor-widget elementor-widget-heading\" data-id=\"d2ee72b\" data-element_type=\"widget\" data-e-type=\"widget\" data-widget_type=\"heading.default\">\n\t\t\t\t<div class=\"elementor-widget-container\">\n\t\t\t\t\t<h6 class=\"elementor-heading-title elementor-size-default\">Partner werden<\/h6>\t\t\t\t<\/div>\n\t\t\t\t<\/div>\n\t\t\t\t<div class=\"elementor-element elementor-element-5694a76 elementor-widget elementor-widget-shortcode\" data-id=\"5694a76\" data-element_type=\"widget\" data-e-type=\"widget\" data-widget_type=\"shortcode.default\">\n\t\t\t\t<div class=\"elementor-widget-container\">\n\t\t\t\t\t\t\t<div class=\"elementor-shortcode\"><div class=\"forminator-ui forminator-custom-form forminator-custom-form-695 forminator-design--default  forminator_ajax\" data-forminator-render=\"0\" data-form=\"forminator-module-695\" data-uid=\"69d5e871bc1ab\"><br\/><\/div><form\n\t\t\t\tid=\"forminator-module-695\"\n\t\t\t\tclass=\"forminator-ui forminator-custom-form forminator-custom-form-695 forminator-design--default  forminator_ajax\"\n\t\t\t\tmethod=\"post\"\n\t\t\t\tdata-forminator-render=\"0\"\n\t\t\t\tdata-form-id=\"695\"\n\t\t\t\t data-color-option=\"default\" data-design=\"default\" data-grid=\"open\" style=\"display: none;\"\n\t\t\t\tdata-uid=\"69d5e871bc1ab\"\n\t\t\t><div role=\"alert\" aria-live=\"polite\" class=\"forminator-response-message forminator-error\" aria-hidden=\"true\"><\/div><div class=\"forminator-row\"><div id=\"name-2\" class=\"forminator-field-name forminator-col forminator-col-6 \"><div class=\"forminator-field\"><label for=\"forminator-field-name-2_69d5e871bc1ab\" id=\"forminator-field-name-2_69d5e871bc1ab-label\" class=\"forminator-label\">Spedition<\/label><input type=\"text\" name=\"name-2\" value=\"\" placeholder=\"Bitte ausschreiben\" id=\"forminator-field-name-2_69d5e871bc1ab\" class=\"forminator-input forminator-name--field\" aria-required=\"false\" autocomplete=\"name\" \/><\/div><\/div><div id=\"name-3\" class=\"forminator-field-name forminator-col forminator-col-6 \"><div class=\"forminator-field\"><label for=\"forminator-field-name-3_69d5e871bc1ab\" id=\"forminator-field-name-3_69d5e871bc1ab-label\" class=\"forminator-label\">Inhaber der Spedition<\/label><input type=\"text\" name=\"name-3\" value=\"\" placeholder=\"z. B. Max Mustermann\" id=\"forminator-field-name-3_69d5e871bc1ab\" class=\"forminator-input forminator-name--field\" aria-required=\"false\" autocomplete=\"name\" \/><\/div><\/div><\/div><div class=\"forminator-row\"><div id=\"name-4\" class=\"forminator-field-name forminator-col forminator-col-6 \"><div class=\"forminator-field\"><label for=\"forminator-field-name-4_69d5e871bc1ab\" id=\"forminator-field-name-4_69d5e871bc1ab-label\" class=\"forminator-label\">Ansprechpartner<\/label><input type=\"text\" name=\"name-4\" value=\"\" placeholder=\"z. B. Mustermann\" id=\"forminator-field-name-4_69d5e871bc1ab\" class=\"forminator-input forminator-name--field\" aria-required=\"false\" autocomplete=\"name\" aria-describedby=\"forminator-field-name-4_69d5e871bc1ab-description\" \/><span id=\"forminator-field-name-4_69d5e871bc1ab-description\" class=\"forminator-description\">Nur falls abweichend vom Inhaber<\/span><\/div><\/div><div id=\"email-1\" class=\"forminator-field-email forminator-col forminator-col-6 \"><div class=\"forminator-field\"><label for=\"forminator-field-email-1_69d5e871bc1ab\" id=\"forminator-field-email-1_69d5e871bc1ab-label\" class=\"forminator-label\">E-Mail-Adresse<\/label><input type=\"email\" name=\"email-1\" value=\"\" placeholder=\"z. B. max@mustermann.de\" id=\"forminator-field-email-1_69d5e871bc1ab\" class=\"forminator-input forminator-email--field\" data-required=\"\" aria-required=\"false\" autocomplete=\"email\" aria-describedby=\"forminator-field-email-1_69d5e871bc1ab-description\" \/><span id=\"forminator-field-email-1_69d5e871bc1ab-description\" class=\"forminator-description\">Die E-Mail muss erreichbar sein und existieren<\/span><\/div><\/div><\/div><div class=\"forminator-row\"><div id=\"radio-1\" class=\"forminator-field-radio forminator-col forminator-col-6 \"><div role=\"radiogroup\" class=\"forminator-field\" aria-labelledby=\"forminator-radiogroup-radio-1-69d5e871bc1ab-label\"><span id=\"forminator-radiogroup-radio-1-69d5e871bc1ab-label\" class=\"forminator-label\">Wor\u00fcber kann man euch am besten erreichen TS3\/Discord <span class=\"forminator-required\">*<\/span><\/span><label id=\"forminator-field-radio-1-label-1\" for=\"forminator-field-radio-1-1-69d5e871bc1ab\" class=\"forminator-radio\" title=\"TS3\"><input type=\"radio\" name=\"radio-1\" value=\"one\" id=\"forminator-field-radio-1-1-69d5e871bc1ab\" aria-labelledby=\"forminator-field-radio-1-label-1\" data-calculation=\"0\"   data-hidden-behavior=\"zero\"\/><span class=\"forminator-radio-bullet\" aria-hidden=\"true\"><\/span><span class=\"forminator-radio-label\">TS3<\/span><\/label><label id=\"forminator-field-radio-1-label-2\" for=\"forminator-field-radio-1-2-69d5e871bc1ab\" class=\"forminator-radio\" title=\"Discord\"><input type=\"radio\" name=\"radio-1\" value=\"two\" id=\"forminator-field-radio-1-2-69d5e871bc1ab\" aria-labelledby=\"forminator-field-radio-1-label-2\" data-calculation=\"0\"   data-hidden-behavior=\"zero\"\/><span class=\"forminator-radio-bullet\" aria-hidden=\"true\"><\/span><span class=\"forminator-radio-label\">Discord<\/span><\/label><\/div><\/div><div id=\"url-1\" class=\"forminator-field-url forminator-col forminator-col-6 \"><div class=\"forminator-field\"><label for=\"forminator-field-url-1_69d5e871bc1ab\" id=\"forminator-field-url-1_69d5e871bc1ab-label\" class=\"forminator-label\">TS3- \/ Discord Einladungsink<\/label><input type=\"url\" name=\"url-1\" value=\"\" placeholder=\"\" id=\"forminator-field-url-1_69d5e871bc1ab\" class=\"forminator-input forminator-website--field\" data-required=\"\" aria-required=\"false\" \/><\/div><\/div><\/div><div class=\"forminator-row forminator-hidden\"><div id=\"hidden-1\" class=\"forminator-field-hidden  forminator-col-12 \"><input type=\"hidden\" id=\"hidden-1_69d5e871bc1ab\" name=\"hidden-1\" value=\"216.73.216.150\" \/><\/div><\/div><div class=\"forminator-row forminator-hidden\"><div id=\"hidden-2\" class=\"forminator-field-hidden  forminator-col-6 \"><input type=\"hidden\" id=\"hidden-2_69d5e871bc1ab\" name=\"hidden-2\" value=\"08\/04\/2026\" \/><\/div><div id=\"hidden-3\" class=\"forminator-field-hidden  forminator-col-6 \"><input type=\"hidden\" id=\"hidden-3_69d5e871bc1ab\" name=\"hidden-3\" value=\"7:32:33 a.m., CEST\" \/><\/div><\/div><div class=\"forminator-row\"><div id=\"captcha-1\" class=\"forminator-field-captcha forminator-col forminator-col-12 \"><div class=\"forminator-captcha-left forminator-g-recaptcha recaptcha-invisible\" data-theme=\"light\" data-badge=\"inline\" data-sitekey=\"6LcuNLMpAAAAAC4Jf1oFcrvsY6Qv-_EQM9fS889u\" data-size=\"invisible\"><\/div> <\/div><\/div><input type=\"hidden\" name=\"referer_url\" value=\"\" \/><div class=\"forminator-row forminator-row-last\"><div class=\"forminator-col\"><div class=\"forminator-field\"><button class=\"forminator-button forminator-button-submit\">Nachricht senden<\/button><\/div><\/div><\/div><input type=\"hidden\" id=\"forminator_nonce\" name=\"forminator_nonce\" value=\"59e7ab07d9\" \/><input type=\"hidden\" name=\"_wp_http_referer\" value=\"\/rex\/wp-json\/wp\/v2\/pages\/188\" \/><input type=\"hidden\" name=\"form_id\" value=\"695\"><input type=\"hidden\" name=\"page_id\" value=\"188\"><input type=\"hidden\" name=\"form_type\" value=\"default\"><input type=\"hidden\" name=\"current_url\" value=\"https:\/\/djceetee.myds.me\/rex\/kontakt-2\/\"><input type=\"hidden\" name=\"render_id\" value=\"0\"><input type=\"hidden\" name=\"action\" value=\"forminator_submit_form_custom-forms\"><\/form><\/div>\n\t\t\t\t\t\t<\/div>\n\t\t\t\t<\/div>\n\t\t\t\t<\/div>\n\t\t\t\t\t<\/div>\n\t\t\t\t<\/div>\n\t\t<div class=\"elementor-element elementor-element-89a48b6 e-flex e-con-boxed wpr-particle-no wpr-jarallax-no wpr-parallax-no wpr-sticky-section-no e-con e-parent\" data-id=\"89a48b6\" data-element_type=\"container\" data-e-type=\"container\">\n\t\t\t\t\t<div class=\"e-con-inner\">\n\t\t\t\t\t<\/div>\n\t\t\t\t<\/div>\n\t\t\t\t<\/div>\n\t\t","protected":false},"excerpt":{"rendered":"<p>Kontakt Formular Partner werden<\/p>\n","protected":false},"author":1,"featured_media":0,"parent":0,"menu_order":0,"comment_status":"closed","ping_status":"closed","template":"","meta":{"footnotes":""},"class_list":["post-188","page","type-page","status-publish","hentry"],"acf":[],"_links":{"self":[{"href":"https:\/\/djceetee.myds.me\/rex\/wp-json\/wp\/v2\/pages\/188","targetHints":{"allow":["GET"]}}],"collection":[{"href":"https:\/\/djceetee.myds.me\/rex\/wp-json\/wp\/v2\/pages"}],"about":[{"href":"https:\/\/djceetee.myds.me\/rex\/wp-json\/wp\/v2\/types\/page"}],"author":[{"embeddable":true,"href":"https:\/\/djceetee.myds.me\/rex\/wp-json\/wp\/v2\/users\/1"}],"replies":[{"embeddable":true,"href":"https:\/\/djceetee.myds.me\/rex\/wp-json\/wp\/v2\/comments?post=188"}],"version-history":[{"count":56,"href":"https:\/\/djceetee.myds.me\/rex\/wp-json\/wp\/v2\/pages\/188\/revisions"}],"predecessor-version":[{"id":764,"href":"https:\/\/djceetee.myds.me\/rex\/wp-json\/wp\/v2\/pages\/188\/revisions\/764"}],"wp:attachment":[{"href":"https:\/\/djceetee.myds.me\/rex\/wp-json\/wp\/v2\/media?parent=188"}],"curies":[{"name":"wp","href":"https:\/\/api.w.org\/{rel}","templated":true}]}}