{"id":2151,"date":"2024-05-20T11:41:40","date_gmt":"2024-05-20T09:41:40","guid":{"rendered":"https:\/\/djceetee.myds.me\/rex\/?page_id=2151"},"modified":"2024-10-16T17:59:38","modified_gmt":"2024-10-16T15:59:38","slug":"original-dienstagsconvoy","status":"publish","type":"page","link":"https:\/\/djceetee.myds.me\/rex\/original-dienstagsconvoy\/","title":{"rendered":"Original DienstagsConvoy"},"content":{"rendered":"\t\t<div data-elementor-type=\"wp-page\" data-elementor-id=\"2151\" class=\"elementor elementor-2151\">\n\t\t\t\t<div class=\"elementor-element elementor-element-6d4e505 e-flex e-con-boxed wpr-particle-no wpr-jarallax-no wpr-parallax-no wpr-sticky-section-no wpr-equal-height-no e-con e-parent\" data-id=\"6d4e505\" data-element_type=\"container\" data-e-type=\"container\">\n\t\t\t\t\t<div class=\"e-con-inner\">\n\t\t\t\t<div class=\"elementor-element elementor-element-7b9e71d elementor-widget elementor-widget-text-editor\" data-id=\"7b9e71d\" data-element_type=\"widget\" data-e-type=\"widget\" data-widget_type=\"text-editor.default\">\n\t\t\t\t<div class=\"elementor-widget-container\">\n\t\t\t\t\t\t\t\t\t<p style=\"text-align: center;\">[ODC]<br \/><br \/>Original DienstagsConvoy<\/p>\t\t\t\t\t\t\t\t<\/div>\n\t\t\t\t<\/div>\n\t\t\t\t\t<\/div>\n\t\t\t\t<\/div>\n\t\t<div class=\"elementor-element elementor-element-67130fe e-flex e-con-boxed wpr-particle-no wpr-jarallax-no wpr-parallax-no wpr-sticky-section-no wpr-equal-height-no e-con e-parent\" data-id=\"67130fe\" data-element_type=\"container\" data-e-type=\"container\">\n\t\t\t\t\t<div class=\"e-con-inner\">\n\t\t\t\t<div class=\"elementor-element elementor-element-63880c6 elementor-widget elementor-widget-spacer\" data-id=\"63880c6\" data-element_type=\"widget\" data-e-type=\"widget\" data-widget_type=\"spacer.default\">\n\t\t\t\t<div class=\"elementor-widget-container\">\n\t\t\t\t\t\t\t<div class=\"elementor-spacer\">\n\t\t\t<div class=\"elementor-spacer-inner\"><\/div>\n\t\t<\/div>\n\t\t\t\t\t\t<\/div>\n\t\t\t\t<\/div>\n\t\t\t\t\t<\/div>\n\t\t\t\t<\/div>\n\t\t<div class=\"elementor-element elementor-element-30d2ca8 e-flex e-con-boxed wpr-particle-no wpr-jarallax-no wpr-parallax-no wpr-sticky-section-no wpr-equal-height-no e-con e-parent\" data-id=\"30d2ca8\" data-element_type=\"container\" data-e-type=\"container\">\n\t\t\t\t\t<div class=\"e-con-inner\">\n\t\t\t\t<div class=\"elementor-element elementor-element-47f91bb elementor-widget elementor-widget-text-editor\" data-id=\"47f91bb\" data-element_type=\"widget\" data-e-type=\"widget\" data-widget_type=\"text-editor.default\">\n\t\t\t\t<div class=\"elementor-widget-container\">\n\t\t\t\t\t\t\t\t\t<p><strong>Wir von der Rainbow Express freuen uns sehr euch dar\u00fcber zu informieren, dass der einzig wahren Original DienstagsConvoy [ODC] seit 06.10.2024 wieder er\u00f6ffnet wurde.<\/strong><br \/><strong>Der ODC hat eine lange Tradition und ist ein besonderer Treffpunkt f\u00fcr engagierte Spediteure.<br \/>Informationen k\u00f6nnen gerne, bei Sylvio, Grosser, Rainer und Stellv. Adrian eingeholt werden. <\/strong><\/p><p><strong>Bis dahin,<\/strong><br \/><strong>die Gr\u00fcnder<\/strong><br \/><strong>Sylvio, Grosser, Rainer und Stellv. Adrian<\/strong><\/p>\t\t\t\t\t\t\t\t<\/div>\n\t\t\t\t<\/div>\n\t\t\t\t\t<\/div>\n\t\t\t\t<\/div>\n\t\t\t\t<\/div>\n\t\t","protected":false},"excerpt":{"rendered":"<p>[ODC] Original DienstagsConvoy Wir von der Rainbow Express freuen uns sehr euch dar\u00fcber zu informieren, dass der einzig wahren Original DienstagsConvoy [ODC] seit 06.10.2024 wieder er\u00f6ffnet wurde.Der ODC hat eine lange Tradition und ist ein besonderer Treffpunkt f\u00fcr engagierte Spediteure.Informationen k\u00f6nnen gerne, bei Sylvio, Grosser, Rainer und Stellv. Adrian eingeholt werden. Bis dahin,die Gr\u00fcnderSylvio, Grosser, Rainer und Stellv. Adrian<\/p>\n","protected":false},"author":1,"featured_media":0,"parent":0,"menu_order":0,"comment_status":"closed","ping_status":"closed","template":"","meta":{"footnotes":""},"class_list":["post-2151","page","type-page","status-publish","hentry"],"acf":[],"_links":{"self":[{"href":"https:\/\/djceetee.myds.me\/rex\/wp-json\/wp\/v2\/pages\/2151","targetHints":{"allow":["GET"]}}],"collection":[{"href":"https:\/\/djceetee.myds.me\/rex\/wp-json\/wp\/v2\/pages"}],"about":[{"href":"https:\/\/djceetee.myds.me\/rex\/wp-json\/wp\/v2\/types\/page"}],"author":[{"embeddable":true,"href":"https:\/\/djceetee.myds.me\/rex\/wp-json\/wp\/v2\/users\/1"}],"replies":[{"embeddable":true,"href":"https:\/\/djceetee.myds.me\/rex\/wp-json\/wp\/v2\/comments?post=2151"}],"version-history":[{"count":36,"href":"https:\/\/djceetee.myds.me\/rex\/wp-json\/wp\/v2\/pages\/2151\/revisions"}],"predecessor-version":[{"id":2441,"href":"https:\/\/djceetee.myds.me\/rex\/wp-json\/wp\/v2\/pages\/2151\/revisions\/2441"}],"wp:attachment":[{"href":"https:\/\/djceetee.myds.me\/rex\/wp-json\/wp\/v2\/media?parent=2151"}],"curies":[{"name":"wp","href":"https:\/\/api.w.org\/{rel}","templated":true}]}}