{"id":47,"date":"2024-03-02T19:24:25","date_gmt":"2024-03-02T18:24:25","guid":{"rendered":"https:\/\/djceetee.myds.me\/rex\/?page_id=47"},"modified":"2024-03-27T12:21:11","modified_gmt":"2024-03-27T11:21:11","slug":"spenden","status":"publish","type":"page","link":"https:\/\/djceetee.myds.me\/rex\/spenden\/","title":{"rendered":"Spende Paypal"},"content":{"rendered":"\t\t<div data-elementor-type=\"wp-page\" data-elementor-id=\"47\" class=\"elementor elementor-47\">\n\t\t\t\t<div class=\"elementor-element elementor-element-0333a83 e-flex e-con-boxed wpr-particle-no wpr-jarallax-no wpr-parallax-no wpr-sticky-section-no wpr-equal-height-no e-con e-parent\" data-id=\"0333a83\" data-element_type=\"container\" data-e-type=\"container\">\n\t\t\t\t\t<div class=\"e-con-inner\">\n\t\t\t\t<div class=\"elementor-element elementor-element-4376585 elementor-widget elementor-widget-image\" data-id=\"4376585\" data-element_type=\"widget\" data-e-type=\"widget\" data-widget_type=\"image.default\">\n\t\t\t\t<div class=\"elementor-widget-container\">\n\t\t\t\t\t\t\t\t\t\t\t\t\t\t\t\t<a href=\"https:\/\/paypal.me\/grosser1506\" target=\"_blank\" rel=\"nofollow\">\n\t\t\t\t\t\t\t<img decoding=\"async\" width=\"277\" height=\"170\" src=\"https:\/\/djceetee.myds.me\/rex\/wp-content\/uploads\/2024\/03\/paypal-spenden-button.png\" class=\"attachment-large size-large wp-image-23\" alt=\"\" \/>\t\t\t\t\t\t\t\t<\/a>\n\t\t\t\t\t\t\t\t\t\t\t\t\t\t\t<\/div>\n\t\t\t\t<\/div>\n\t\t\t\t<div class=\"elementor-element elementor-element-2549fdf elementor-widget elementor-widget-text-editor\" data-id=\"2549fdf\" data-element_type=\"widget\" data-e-type=\"widget\" data-widget_type=\"text-editor.default\">\n\t\t\t\t<div class=\"elementor-widget-container\">\n\t\t\t\t\t\t\t\t\t<p>Wenn Ihr \u00fcber PayPal spendet w\u00e4hlt bitt die Zahlungsart: <br \/><strong>F\u00fcr Freunde und Familie <br \/><\/strong>so entstehen keine Geb\u00fchren unsererseits!<br \/><span style=\"color: #00ff00;\">M\u00f6chtest du gerne per Bank\u00fcberweisung Spenden, kein Problem. Wende dich bitte diesbez\u00fcglich an Rainer, Sylvio oder Grosser.<br \/><\/span><\/p>\t\t\t\t\t\t\t\t<\/div>\n\t\t\t\t<\/div>\n\t\t\t\t\t<\/div>\n\t\t\t\t<\/div>\n\t\t<div class=\"elementor-element elementor-element-a6462b8 e-flex e-con-boxed wpr-particle-no wpr-jarallax-no wpr-parallax-no wpr-sticky-section-no wpr-equal-height-no e-con e-parent\" data-id=\"a6462b8\" data-element_type=\"container\" data-e-type=\"container\">\n\t\t\t\t\t<div class=\"e-con-inner\">\n\t\t\t\t<div class=\"elementor-element elementor-element-31b2c1e elementor-widget elementor-widget-text-editor\" data-id=\"31b2c1e\" data-element_type=\"widget\" data-e-type=\"widget\" data-widget_type=\"text-editor.default\">\n\t\t\t\t<div class=\"elementor-widget-container\">\n\t\t\t\t\t\t\t\t\t<h4><span style=\"color: #ff0000;\">Ausschlussklausel f\u00fcr Geldspende:<\/span><\/h4><p>Bitte beachte, dass Rainbow Express keine Spendenquittungen ausstellt und auch keine R\u00fcckerstattungen f\u00fcr Geldspenden vornimmt. Jegliche Geldspenden gelten als endg\u00fcltig und nicht erstattungsf\u00e4hig.<\/p><p>Wir danken Dir herzlich f\u00fcr Deine Unterst\u00fctzung und Dein Verst\u00e4ndnis f\u00fcr diese Regelung.<\/p><p>Die Spenden werden ausschlie\u00dflich f\u00fcr Kosten der Rainbow Express verwendet.<\/p>\t\t\t\t\t\t\t\t<\/div>\n\t\t\t\t<\/div>\n\t\t\t\t\t<\/div>\n\t\t\t\t<\/div>\n\t\t<div class=\"elementor-element elementor-element-17f8024 e-flex e-con-boxed wpr-particle-no wpr-jarallax-no wpr-parallax-no wpr-sticky-section-no wpr-equal-height-no e-con e-parent\" data-id=\"17f8024\" data-element_type=\"container\" data-e-type=\"container\">\n\t\t\t\t\t<div class=\"e-con-inner\">\n\t\t\t\t\t<\/div>\n\t\t\t\t<\/div>\n\t\t\t\t<\/div>\n\t\t","protected":false},"excerpt":{"rendered":"<p>Wenn Ihr \u00fcber PayPal spendet w\u00e4hlt bitt die Zahlungsart: F\u00fcr Freunde und Familie so entstehen keine Geb\u00fchren unsererseits!M\u00f6chtest du gerne per Bank\u00fcberweisung Spenden, kein Problem. Wende dich bitte diesbez\u00fcglich an Rainer, Sylvio oder Grosser. Ausschlussklausel f\u00fcr Geldspende: Bitte beachte, dass Rainbow Express keine Spendenquittungen ausstellt und auch keine R\u00fcckerstattungen f\u00fcr Geldspenden vornimmt. Jegliche Geldspenden gelten als endg\u00fcltig und nicht erstattungsf\u00e4hig. Wir danken Dir herzlich f\u00fcr Deine Unterst\u00fctzung und Dein Verst\u00e4ndnis f\u00fcr diese Regelung. Die Spenden werden ausschlie\u00dflich f\u00fcr Kosten der Rainbow Express verwendet.<\/p>\n","protected":false},"author":1,"featured_media":0,"parent":0,"menu_order":0,"comment_status":"closed","ping_status":"closed","template":"","meta":{"footnotes":""},"class_list":["post-47","page","type-page","status-publish","hentry"],"acf":[],"_links":{"self":[{"href":"https:\/\/djceetee.myds.me\/rex\/wp-json\/wp\/v2\/pages\/47","targetHints":{"allow":["GET"]}}],"collection":[{"href":"https:\/\/djceetee.myds.me\/rex\/wp-json\/wp\/v2\/pages"}],"about":[{"href":"https:\/\/djceetee.myds.me\/rex\/wp-json\/wp\/v2\/types\/page"}],"author":[{"embeddable":true,"href":"https:\/\/djceetee.myds.me\/rex\/wp-json\/wp\/v2\/users\/1"}],"replies":[{"embeddable":true,"href":"https:\/\/djceetee.myds.me\/rex\/wp-json\/wp\/v2\/comments?post=47"}],"version-history":[{"count":39,"href":"https:\/\/djceetee.myds.me\/rex\/wp-json\/wp\/v2\/pages\/47\/revisions"}],"predecessor-version":[{"id":679,"href":"https:\/\/djceetee.myds.me\/rex\/wp-json\/wp\/v2\/pages\/47\/revisions\/679"}],"wp:attachment":[{"href":"https:\/\/djceetee.myds.me\/rex\/wp-json\/wp\/v2\/media?parent=47"}],"curies":[{"name":"wp","href":"https:\/\/api.w.org\/{rel}","templated":true}]}}