{"id":585,"date":"2024-03-26T17:56:21","date_gmt":"2024-03-26T16:56:21","guid":{"rendered":"https:\/\/djceetee.myds.me\/rex\/?page_id=585"},"modified":"2024-04-19T16:01:23","modified_gmt":"2024-04-19T14:01:23","slug":"rainbow-express-regeln","status":"publish","type":"page","link":"https:\/\/djceetee.myds.me\/rex\/rainbow-express-regeln\/","title":{"rendered":"Rainbow Express Regeln"},"content":{"rendered":"\t\t<div data-elementor-type=\"wp-page\" data-elementor-id=\"585\" class=\"elementor elementor-585\">\n\t\t\t\t<div class=\"elementor-element elementor-element-d7de512 e-flex e-con-boxed wpr-particle-no wpr-jarallax-no wpr-parallax-no wpr-sticky-section-no wpr-equal-height-no e-con e-parent\" data-id=\"d7de512\" data-element_type=\"container\" data-e-type=\"container\">\n\t\t\t\t\t<div class=\"e-con-inner\">\n\t\t\t\t<div class=\"elementor-element elementor-element-23b99a4 elementor-widget elementor-widget-text-editor\" data-id=\"23b99a4\" data-element_type=\"widget\" data-e-type=\"widget\" data-widget_type=\"text-editor.default\">\n\t\t\t\t<div class=\"elementor-widget-container\">\n\t\t\t\t\t\t\t\t\t<h1 style=\"text-align: center;\" data-syno-attrs=\"{&quot;textMarks&quot;:[{&quot;_&quot;:&quot;font_size&quot;,&quot;value&quot;:&quot;15pt&quot;},{&quot;_&quot;:&quot;font_family&quot;,&quot;value&quot;:&quot;Arial&quot;},{&quot;_&quot;:&quot;em&quot;,&quot;value&quot;:false},{&quot;_&quot;:&quot;strong&quot;},{&quot;_&quot;:&quot;color&quot;,&quot;value&quot;:&quot;#00802b&quot;},{&quot;_&quot;:&quot;background_color&quot;,&quot;value&quot;:&quot;transparent&quot;},{&quot;_&quot;:&quot;superscript&quot;,&quot;value&quot;:false},{&quot;_&quot;:&quot;subscript&quot;,&quot;value&quot;:false},{&quot;_&quot;:&quot;underline&quot;,&quot;value&quot;:false},{&quot;_&quot;:&quot;strike&quot;,&quot;value&quot;:false}]}\"><strong>Regelwerk Rainbow Express<\/strong><span data-syno-text=\"true\">. <\/span><\/h1><p style=\"text-align: center;\" data-syno-attrs=\"{&quot;textMarks&quot;:[{&quot;_&quot;:&quot;font_size&quot;,&quot;value&quot;:&quot;11pt&quot;},{&quot;_&quot;:&quot;font_family&quot;,&quot;value&quot;:&quot;Arial&quot;},{&quot;_&quot;:&quot;em&quot;,&quot;value&quot;:false},{&quot;_&quot;:&quot;strong&quot;,&quot;value&quot;:false},{&quot;_&quot;:&quot;color&quot;,&quot;value&quot;:&quot;#ff0000&quot;},{&quot;_&quot;:&quot;background_color&quot;,&quot;value&quot;:&quot;transparent&quot;},{&quot;_&quot;:&quot;superscript&quot;,&quot;value&quot;:false},{&quot;_&quot;:&quot;subscript&quot;,&quot;value&quot;:false},{&quot;_&quot;:&quot;underline&quot;,&quot;value&quot;:false},{&quot;_&quot;:&quot;strike&quot;,&quot;value&quot;:false}]}\"><span style=\"color: #ff0000;\" data-syno-text=\"true\">WICHTIG! Wenn Ich die Regeln in Discord nicht akzeptiere, kann Ich kein &#8220;MEMBER&#8221; werden<\/span><\/p><h5 style=\"text-align: center;\" data-syno-attrs=\"{&quot;textMarks&quot;:[{&quot;_&quot;:&quot;font_size&quot;,&quot;value&quot;:&quot;13pt&quot;},{&quot;_&quot;:&quot;strong&quot;},{&quot;_&quot;:&quot;underline&quot;}]}\"><span data-syno-text=\"true\"><u>\u00a71 Allgemeines:<\/u><\/span><\/h5><p style=\"text-align: center;\"><span data-syno-text=\"true\">1.1 F\u00fcr Member gilt eine Discord- und Homepage Pflicht<\/span><\/p><p style=\"text-align: center;\"><span data-syno-text=\"true\">1.2 Community-interne Themen und Absprachen d\u00fcrfen nicht weitergegeben werden<\/span><\/p><p style=\"text-align: center;\"><span data-syno-text=\"true\">1.3 Regelverst\u00f6\u00dfe werden mit einem Bann geahndet im Discord und TS3<\/span><\/p><p style=\"text-align: center;\"><span data-syno-text=\"true\">1.4 Teamsitzungen werden rechtzeitig bekannt gegeben. Abmeldung bei der Leitung ist ein Muss!!<\/span><\/p><p style=\"text-align: center;\"><span data-syno-text=\"true\">1.5 Es wird nicht provoziert oder angestiftet einen Regelbruch zu begehen.<\/span><\/p><h5 style=\"text-align: center;\" data-syno-attrs=\"{&quot;textMarks&quot;:[{&quot;_&quot;:&quot;font_size&quot;,&quot;value&quot;:&quot;13pt&quot;},{&quot;_&quot;:&quot;strong&quot;},{&quot;_&quot;:&quot;underline&quot;}]}\"><span data-syno-text=\"true\"><u>\u00a72 TeamSpeak und Discord:<\/u><\/span><\/h5><p style=\"text-align: center;\"><span data-syno-text=\"true\">2.1 Keine Beleidigungen<\/span><\/p><p style=\"text-align: center;\"><span data-syno-text=\"true\">2.2 Nebenger\u00e4usche sind zu unterbinden<\/span><\/p><p style=\"text-align: center;\"><span data-syno-text=\"true\">2.3 Es wird nicht geschrien<\/span><\/p><p style=\"text-align: center;\"><span data-syno-text=\"true\">2.4 Es gelten Allgemeine Benimmregeln (z. B. kein R\u00fclpsen oder \u00e4hnliche widerliche Ger\u00e4usche, Begr\u00fcssung und Verabschiedung)<\/span><\/p><p style=\"text-align: center;\"><span data-syno-text=\"true\">2.5 Bei Abwesenheit wird sich immer im TS gemutet!! (nicht am Headset)<\/span><\/p><p style=\"text-align: center;\"><span data-syno-text=\"true\">2.6 Zum Einloggen wird nur die Lobby genutzt!!!<\/span><\/p><p style=\"text-align: center;\"><span data-syno-text=\"true\">2.7 Ein- und, direkt wieder, Ausloggen (schauen wer da ist) ist zu unterlassen<\/span><\/p><p style=\"text-align: center;\"><span data-syno-text=\"true\">2.8 Nicht ins Wort fallen!!!!!<\/span><\/p><h5 style=\"text-align: center;\" data-syno-attrs=\"{&quot;textMarks&quot;:[{&quot;_&quot;:&quot;font_size&quot;,&quot;value&quot;:&quot;13pt&quot;},{&quot;_&quot;:&quot;strong&quot;},{&quot;_&quot;:&quot;underline&quot;}]}\"><span data-syno-text=\"true\"><u>\u00a73 ETS\/ATS:<\/u><\/span><\/h5><p style=\"text-align: center;\"><span data-syno-text=\"true\">3.1 Es gelten die Truckers MP Regeln (Abstand, Rammen, Geschwindigkeit etc.) <\/span><\/p><p style=\"text-align: center;\"><span data-syno-text=\"true\">3.2 Es gelten die SpedV und Trucksbook Regeln!!<\/span><\/p><p style=\"text-align: center;\"><span data-syno-text=\"true\">3.3 Bei Convoy`s herrscht TS und REX &#8211; Channel Pflicht !!!! Ausnahme wenn alle in den anderen Challen wollen.<\/span><\/p><p style=\"text-align: center;\"><span data-syno-text=\"true\">3.4 Beim Whispern des Veranstalters sind Privatgespr\u00e4che zu unterlassen<\/span><\/p><p style=\"text-align: center;\"><span data-syno-text=\"true\">3.5 In Convoys bei ETS2 und ATS wird mit Firmenlackierung gefahren (Best-Community oder die 10 Jahres Lackierung SCS in Firmenfarben)<\/span><\/p><p style=\"text-align: center;\"><span data-syno-text=\"true\">3.6 Farbcodes f\u00fcr ETS\/ATS: <\/span><\/p><p style=\"text-align: center;\"><span data-syno-text=\"true\">Sunrise: <\/span><\/p><p style=\"text-align: center;\"><span data-syno-text=\"true\">Gr\u00fcn: (R:16\/G:142\/B:10) <\/span><\/p><p style=\"text-align: center;\"><span data-syno-text=\"true\">Gelb:(R:240\/G:251\/B:0) <\/span><\/p><p style=\"text-align: center;\"><span data-syno-text=\"true\">Orange:(R:255\/G:140\/B:0)<\/span><\/p><p style=\"text-align: center;\"><span data-syno-text=\"true\">Farbcode f\u00fcr ATS:Divide(LKW) Farbfolge beachten!: Orange,Gelb,Gr\u00fcn,Gr\u00fcn<\/span><\/p><p style=\"text-align: center;\"><span data-syno-text=\"true\">Electra (Trailer) (selber Farbcode wie ETS)<\/span><\/p><h5 style=\"text-align: center;\" data-syno-attrs=\"{&quot;textMarks&quot;:[{&quot;_&quot;:&quot;font_size&quot;,&quot;value&quot;:&quot;13pt&quot;},{&quot;_&quot;:&quot;strong&quot;},{&quot;_&quot;:&quot;underline&quot;}]}\"><span data-syno-text=\"true\"><u>\u00a74 Landwirtschaftssimulator:<\/u><\/span><\/h5><p style=\"text-align: center;\"><span data-syno-text=\"true\">4.1 Mod Server werden nach Absprache mit den Admins bespielt <\/span><\/p><p style=\"text-align: center;\"><span data-syno-text=\"true\">4.2 Der Admin muss bevor er den LS Server betritt, im TS sein. (TS Pflicht)<\/span><\/p><p style=\"text-align: center;\"><span data-syno-text=\"true\">4.3 Mod Server d\u00fcrfen ausschlie\u00dflich von Membern\/Partner genutzt werden<\/span><\/p><p style=\"text-align: center;\"><span data-syno-text=\"true\">4.4 Es wird niemand beleidigt, auch wenn er etwas nicht hinbekommt<\/span><\/p><p style=\"text-align: center;\"><span data-syno-text=\"true\">4.5 Fahrzeuge werden nach Benutzung auf dem daf\u00fcr vorgesehenen Platz geparkt, sodass kein Chaos entsteht.<\/span><\/p><p style=\"text-align: center;\"><span data-syno-text=\"true\">4.6 Geht jemand AfK (Away from Keyboard), dann muss diese Person beiseite fahren und das Fahrzeug abstellen und aussteigen <\/span><\/p><p style=\"text-align: center;\">\u00a0<\/p>\t\t\t\t\t\t\t\t<\/div>\n\t\t\t\t<\/div>\n\t\t\t\t\t<\/div>\n\t\t\t\t<\/div>\n\t\t\t\t<\/div>\n\t\t","protected":false},"excerpt":{"rendered":"<p>Regelwerk Rainbow Express. WICHTIG! Wenn Ich die Regeln in Discord nicht akzeptiere, kann Ich kein &#8220;MEMBER&#8221; werden \u00a71 Allgemeines: 1.1 F\u00fcr Member gilt eine Discord- und Homepage Pflicht 1.2 Community-interne Themen und Absprachen d\u00fcrfen nicht weitergegeben werden 1.3 Regelverst\u00f6\u00dfe werden mit einem Bann geahndet im Discord und TS3 1.4 Teamsitzungen werden rechtzeitig bekannt gegeben. Abmeldung bei der Leitung ist ein Muss!! 1.5 Es wird nicht provoziert oder angestiftet einen Regelbruch zu begehen. \u00a72 TeamSpeak und Discord: 2.1 Keine Beleidigungen 2.2 Nebenger\u00e4usche sind zu unterbinden 2.3 Es wird nicht geschrien 2.4 Es gelten Allgemeine Benimmregeln (z. B. kein R\u00fclpsen oder \u00e4hnliche widerliche Ger\u00e4usche, Begr\u00fcssung und Verabschiedung) 2.5 Bei Abwesenheit wird sich immer im TS gemutet!! (nicht am Headset) 2.6 Zum Einloggen wird nur die Lobby genutzt!!! 2.7 Ein- und, direkt wieder, Ausloggen (schauen wer da ist) ist zu unterlassen 2.8 Nicht ins Wort fallen!!!!! \u00a73 ETS\/ATS: 3.1 Es gelten die Truckers MP Regeln (Abstand, Rammen, Geschwindigkeit etc.) 3.2 Es gelten die SpedV und Trucksbook Regeln!! 3.3 Bei Convoy`s herrscht TS und REX &#8211; Channel Pflicht !!!! Ausnahme wenn alle in den anderen Challen wollen. 3.4 Beim Whispern des Veranstalters sind Privatgespr\u00e4che zu unterlassen 3.5 In Convoys bei ETS2 und ATS wird mit Firmenlackierung gefahren (Best-Community oder die 10 Jahres Lackierung SCS in Firmenfarben) 3.6 Farbcodes f\u00fcr ETS\/ATS: Sunrise: Gr\u00fcn: (R:16\/G:142\/B:10) Gelb:(R:240\/G:251\/B:0) Orange:(R:255\/G:140\/B:0) Farbcode f\u00fcr ATS:Divide(LKW) Farbfolge beachten!: Orange,Gelb,Gr\u00fcn,Gr\u00fcn Electra (Trailer) (selber Farbcode wie ETS) \u00a74 Landwirtschaftssimulator: 4.1 Mod Server werden nach Absprache mit den Admins bespielt 4.2 Der Admin muss bevor er den LS Server betritt, im TS sein. (TS Pflicht) 4.3 Mod Server d\u00fcrfen ausschlie\u00dflich von Membern\/Partner genutzt werden 4.4 Es wird niemand beleidigt, auch wenn er etwas nicht hinbekommt 4.5 Fahrzeuge werden nach Benutzung auf dem daf\u00fcr vorgesehenen Platz geparkt, sodass kein Chaos entsteht. 4.6 Geht jemand AfK (Away from Keyboard), dann muss diese Person beiseite fahren und das Fahrzeug abstellen und aussteigen \u00a0<\/p>\n","protected":false},"author":1,"featured_media":0,"parent":0,"menu_order":0,"comment_status":"closed","ping_status":"closed","template":"","meta":{"footnotes":""},"class_list":["post-585","page","type-page","status-publish","hentry"],"acf":[],"_links":{"self":[{"href":"https:\/\/djceetee.myds.me\/rex\/wp-json\/wp\/v2\/pages\/585","targetHints":{"allow":["GET"]}}],"collection":[{"href":"https:\/\/djceetee.myds.me\/rex\/wp-json\/wp\/v2\/pages"}],"about":[{"href":"https:\/\/djceetee.myds.me\/rex\/wp-json\/wp\/v2\/types\/page"}],"author":[{"embeddable":true,"href":"https:\/\/djceetee.myds.me\/rex\/wp-json\/wp\/v2\/users\/1"}],"replies":[{"embeddable":true,"href":"https:\/\/djceetee.myds.me\/rex\/wp-json\/wp\/v2\/comments?post=585"}],"version-history":[{"count":24,"href":"https:\/\/djceetee.myds.me\/rex\/wp-json\/wp\/v2\/pages\/585\/revisions"}],"predecessor-version":[{"id":1458,"href":"https:\/\/djceetee.myds.me\/rex\/wp-json\/wp\/v2\/pages\/585\/revisions\/1458"}],"wp:attachment":[{"href":"https:\/\/djceetee.myds.me\/rex\/wp-json\/wp\/v2\/media?parent=585"}],"curies":[{"name":"wp","href":"https:\/\/api.w.org\/{rel}","templated":true}]}}