{"id":666,"date":"2024-03-27T12:12:15","date_gmt":"2024-03-27T11:12:15","guid":{"rendered":"https:\/\/djceetee.myds.me\/rex\/?page_id=666"},"modified":"2026-01-19T14:59:53","modified_gmt":"2026-01-19T13:59:53","slug":"partner","status":"publish","type":"page","link":"https:\/\/djceetee.myds.me\/rex\/partner\/","title":{"rendered":"Partner"},"content":{"rendered":"\t\t<div data-elementor-type=\"wp-page\" data-elementor-id=\"666\" class=\"elementor elementor-666\">\n\t\t\t\t<div class=\"elementor-element elementor-element-afd33a0 e-flex e-con-boxed wpr-particle-no wpr-jarallax-no wpr-parallax-no wpr-sticky-section-no wpr-equal-height-no e-con e-parent\" data-id=\"afd33a0\" data-element_type=\"container\" data-e-type=\"container\">\n\t\t\t\t\t<div class=\"e-con-inner\">\n\t\t\t\t<div class=\"elementor-element elementor-element-2325eb7 elementor-widget elementor-widget-heading\" data-id=\"2325eb7\" data-element_type=\"widget\" data-e-type=\"widget\" data-widget_type=\"heading.default\">\n\t\t\t\t<div class=\"elementor-widget-container\">\n\t\t\t\t\t<h2 class=\"elementor-heading-title elementor-size-default\">Unsere Partner<\/h2>\t\t\t\t<\/div>\n\t\t\t\t<\/div>\n\t\t\t\t\t<\/div>\n\t\t\t\t<\/div>\n\t\t<div class=\"elementor-element elementor-element-37c5ea1 e-flex e-con-boxed wpr-particle-no wpr-jarallax-no wpr-parallax-no wpr-sticky-section-no wpr-equal-height-no e-con e-parent\" data-id=\"37c5ea1\" data-element_type=\"container\" data-e-type=\"container\">\n\t\t\t\t\t<div class=\"e-con-inner\">\n\t\t\t\t<div class=\"elementor-element elementor-element-484ca4f wpr-promo-box-style-cover elementor-widget elementor-widget-wpr-promo-box\" data-id=\"484ca4f\" data-element_type=\"widget\" data-e-type=\"widget\" data-widget_type=\"wpr-promo-box.default\">\n\t\t\t\t<div class=\"elementor-widget-container\">\n\t\t\t\t\t\n\t\t<div class=\"wpr-promo-box wpr-animation-wrap\">\n\n\t\t\t\t\t\t\t\n\t\t\t\t\t\t\t<div class=\"wpr-promo-box-image\">\n\t\t\t\t\t<div class=\"wpr-promo-box-bg-image wpr-bg-anim-move-down wpr-anim-timing-linear\" style=\"background-image:url(https:\/\/djceetee.myds.me\/rex\/wp-content\/uploads\/2024\/03\/bannerschmal.png);\"><\/div>\n\t\t\t\t\t<div class=\"wpr-promo-box-bg-overlay wpr-border-anim-jazz\"><\/div>\n\t\t\t\t<\/div>\n\t\t\t\t\t\t\n\t\t\t<div class=\"wpr-promo-box-content\">\n\n\t\t\t\t\t\t\t\t<div class=\"wpr-promo-box-icon\">\n\t\t\t\t\t\t\t\t\t\t\t<img decoding=\"async\" src=\"https:\/\/djceetee.myds.me\/rex\/wp-content\/uploads\/2024\/03\/cropped-cropped-rex_logo_r_w-e1755159598841.png\" >\n\t\t\t\t\t\t\t\t\t<\/div>\n\t\t\t\t\n\t\t\t\t<h3 class=\"wpr-promo-box-title\"><span>Du\/Ihr m\u00f6chtet Partner Spedition von Rainbow Express werden<\/span><\/h3>\n\t\t\t\t\t\t\t\t\t<div class=\"wpr-promo-box-description\">\n\t\t\t\t\t\t<p><p><span style=\"color: #ffff00\"><strong><span style=\"color: #ff6600\">Du\/Ihr m\u00f6chtest uns gerne auch als Partner Spedition haben? Kein Problem! Klicke einfach auf den unteren Button und bewirb dich als Partner und dem Forumular<\/span><br \/><\/strong><\/span><\/p><\/p>\t\n\t\t\t\t\t<\/div>\t\t\t\t\t\t\n\t\t\t\t\n\t\t\t\t\t\t\t\t\t<div class=\"wpr-promo-box-btn-wrap\">\n\t\t\t\t\t\t<a class=\"wpr-promo-box-btn\" href=\"https:\/\/djceetee.myds.me\/rex\/?page_id=188\" target=\"_blank\" nofollow=\"\">\n\n\t\t\t\t\t\t\t\t\t\t\t\t\t\t<span class=\"wpr-promo-box-btn-text\">Jetzt Partner werden<\/span>\t\t\n\t\t\t\t\t\t\t\n\t\t\t\t\t\t\t\t\t\t\t\t\t\t<span class=\"wpr-promo-box-btn-icon\">\n\t\t\t\t\t\t\t\t<i class=\"far fa-handshake\"><\/i>\n\t\t\t\t\t\t\t<\/span>\n\t\t\t\t\t\t\t\t\t\t\t\t\t<\/a>\n\t\t\t\t\t<\/div>\t\n\t\t\t\t\t\t\t<\/div>\n\n\t\t\t\t\t<\/div>\n\n\t\t\t\t\t\t<\/div>\n\t\t\t\t<\/div>\n\t\t\t\t\t<\/div>\n\t\t\t\t<\/div>\n\t\t<div class=\"elementor-element elementor-element-d257a1a e-flex e-con-boxed wpr-particle-no wpr-jarallax-no wpr-parallax-no wpr-sticky-section-no wpr-equal-height-no e-con e-parent\" data-id=\"d257a1a\" data-element_type=\"container\" data-e-type=\"container\">\n\t\t\t\t\t<div class=\"e-con-inner\">\n\t\t\t\t<div class=\"elementor-element elementor-element-459192c elementor-widget-divider--view-line elementor-widget elementor-widget-divider\" data-id=\"459192c\" data-element_type=\"widget\" data-e-type=\"widget\" data-widget_type=\"divider.default\">\n\t\t\t\t<div class=\"elementor-widget-container\">\n\t\t\t\t\t\t\t<div class=\"elementor-divider\">\n\t\t\t<span class=\"elementor-divider-separator\">\n\t\t\t\t\t\t<\/span>\n\t\t<\/div>\n\t\t\t\t\t\t<\/div>\n\t\t\t\t<\/div>\n\t\t\t\t<div class=\"elementor-element elementor-element-6caa77d wpr-promo-box-style-cover elementor-widget elementor-widget-wpr-promo-box\" data-id=\"6caa77d\" data-element_type=\"widget\" data-e-type=\"widget\" data-widget_type=\"wpr-promo-box.default\">\n\t\t\t\t<div class=\"elementor-widget-container\">\n\t\t\t\t\t\n\t\t<div class=\"wpr-promo-box wpr-animation-wrap\">\n\n\t\t\t\t\t\t\t\n\t\t\t\t\t\t\t<div class=\"wpr-promo-box-image\">\n\t\t\t\t\t<div class=\"wpr-promo-box-bg-image wpr-bg-anim-move-down wpr-anim-timing-linear\" style=\"background-image:url(https:\/\/djceetee.myds.me\/rex\/wp-content\/uploads\/2026\/01\/GHL-Banner-full.jpg);\"><\/div>\n\t\t\t\t\t<div class=\"wpr-promo-box-bg-overlay wpr-border-anim-jazz\"><\/div>\n\t\t\t\t<\/div>\n\t\t\t\t\t\t\n\t\t\t<div class=\"wpr-promo-box-content\">\n\n\t\t\t\t\t\t\t\t<div class=\"wpr-promo-box-icon\">\n\t\t\t\t\t\t\t\t\t\t\t<img decoding=\"async\" src=\"https:\/\/djceetee.myds.me\/rex\/wp-content\/uploads\/2026\/01\/GHL-Logo.jpg\" >\n\t\t\t\t\t\t\t\t\t<\/div>\n\t\t\t\t\n\t\t\t\t<h3 class=\"wpr-promo-box-title\"><span>Berlin Hessen Logistik<\/span><\/h3>\n\t\t\t\t\t\t\t\t\t<div class=\"wpr-promo-box-description\">\n\t\t\t\t\t\t<p><p style=\"text-align: center\"><strong><span style=\"color: #ffff00\">... folgt<\/span><\/strong><\/p><\/p>\t\n\t\t\t\t\t<\/div>\t\t\t\t\t\t\n\t\t\t\t\n\t\t\t\t\t\t\t\t\t<div class=\"wpr-promo-box-btn-wrap\">\n\t\t\t\t\t\t<a class=\"wpr-promo-box-btn\" href=\"https:\/\/invite.teamspeak.com\/ts60.nitrado.net\/?port=10150\" target=\"_blank\" nofollow=\"\">\n\n\t\t\t\t\t\t\t\t\t\t\t\t\t\t<span class=\"wpr-promo-box-btn-text\">Teamspeak<\/span>\t\t\n\t\t\t\t\t\t\t\n\t\t\t\t\t\t\t\t\t\t\t\t\t\t<span class=\"wpr-promo-box-btn-icon\">\n\t\t\t\t\t\t\t\t<i class=\"fab fa-teamspeak\"><\/i>\n\t\t\t\t\t\t\t<\/span>\n\t\t\t\t\t\t\t\t\t\t\t\t\t<\/a>\n\t\t\t\t\t<\/div>\t\n\t\t\t\t\t\t\t<\/div>\n\n\t\t\t\t\t<\/div>\n\n\t\t\t\t\t\t<\/div>\n\t\t\t\t<\/div>\n\t\t\t\t\t<\/div>\n\t\t\t\t<\/div>\n\t\t<div class=\"elementor-element elementor-element-6905bc3 e-flex e-con-boxed wpr-particle-no wpr-jarallax-no wpr-parallax-no wpr-sticky-section-no wpr-equal-height-no e-con e-parent\" data-id=\"6905bc3\" data-element_type=\"container\" data-e-type=\"container\">\n\t\t\t\t\t<div class=\"e-con-inner\">\n\t\t\t\t<div class=\"elementor-element elementor-element-cfce7e7 elementor-widget-divider--view-line elementor-widget elementor-widget-divider\" data-id=\"cfce7e7\" data-element_type=\"widget\" data-e-type=\"widget\" data-widget_type=\"divider.default\">\n\t\t\t\t<div class=\"elementor-widget-container\">\n\t\t\t\t\t\t\t<div class=\"elementor-divider\">\n\t\t\t<span class=\"elementor-divider-separator\">\n\t\t\t\t\t\t<\/span>\n\t\t<\/div>\n\t\t\t\t\t\t<\/div>\n\t\t\t\t<\/div>\n\t\t\t\t<div class=\"elementor-element elementor-element-95d9bee wpr-promo-box-style-cover elementor-widget elementor-widget-wpr-promo-box\" data-id=\"95d9bee\" data-element_type=\"widget\" data-e-type=\"widget\" data-widget_type=\"wpr-promo-box.default\">\n\t\t\t\t<div class=\"elementor-widget-container\">\n\t\t\t\t\t\n\t\t<div class=\"wpr-promo-box wpr-animation-wrap\">\n\n\t\t\t\t\t\t\t\n\t\t\t\t\t\t\t<div class=\"wpr-promo-box-image\">\n\t\t\t\t\t<div class=\"wpr-promo-box-bg-image wpr-bg-anim-move-down wpr-anim-timing-linear\" style=\"background-image:url(https:\/\/djceetee.myds.me\/rex\/wp-content\/uploads\/2024\/03\/Hinkelstein-Bild-1.png);\"><\/div>\n\t\t\t\t\t<div class=\"wpr-promo-box-bg-overlay wpr-border-anim-jazz\"><\/div>\n\t\t\t\t<\/div>\n\t\t\t\t\t\t\n\t\t\t<div class=\"wpr-promo-box-content\">\n\n\t\t\t\t\t\t\t\t<div class=\"wpr-promo-box-icon\">\n\t\t\t\t\t\t\t\t\t\t\t<img decoding=\"async\" src=\"https:\/\/djceetee.myds.me\/rex\/wp-content\/uploads\/2024\/03\/H-E-logo.jpg\" >\n\t\t\t\t\t\t\t\t\t<\/div>\n\t\t\t\t\n\t\t\t\t<h3 class=\"wpr-promo-box-title\"><span>Hinkelstein \u2013 Express<\/span><\/h3>\n\t\t\t\t\t\t\t\t\t<div class=\"wpr-promo-box-description\">\n\t\t\t\t\t\t<p><p><span style=\"color: #ffff00\"><strong><span class=\"color_11 wixui-rich-text__text\">Die Hinkelstein \u2013 Express ist eine Virtuelle Spedition die seit 2019 auf\u00a0 Europas Stra\u00dfen im Ets2 und ATS auf Achse ist<\/span><\/strong><\/span><\/p><\/p>\t\n\t\t\t\t\t<\/div>\t\t\t\t\t\t\n\t\t\t\t\n\t\t\t\t\t\t\t\t\t<div class=\"wpr-promo-box-btn-wrap\">\n\t\t\t\t\t\t<a class=\"wpr-promo-box-btn\" href=\"https:\/\/discord.gg\/69W2bF7dyh\" target=\"_blank\" nofollow=\"\">\n\n\t\t\t\t\t\t\t\t\t\t\t\t\t\t<span class=\"wpr-promo-box-btn-text\">Discord<\/span>\t\t\n\t\t\t\t\t\t\t\n\t\t\t\t\t\t\t\t\t\t\t\t\t\t<span class=\"wpr-promo-box-btn-icon\">\n\t\t\t\t\t\t\t\t<i class=\"fab fa-discord\"><\/i>\n\t\t\t\t\t\t\t<\/span>\n\t\t\t\t\t\t\t\t\t\t\t\t\t<\/a>\n\t\t\t\t\t<\/div>\t\n\t\t\t\t\t\t\t<\/div>\n\n\t\t\t\t\t<\/div>\n\n\t\t\t\t\t\t<\/div>\n\t\t\t\t<\/div>\n\t\t\t\t\t<\/div>\n\t\t\t\t<\/div>\n\t\t<div class=\"elementor-element elementor-element-728b05c e-flex e-con-boxed wpr-particle-no wpr-jarallax-no wpr-parallax-no wpr-sticky-section-no wpr-equal-height-no e-con e-parent\" data-id=\"728b05c\" data-element_type=\"container\" data-e-type=\"container\">\n\t\t\t\t\t<div class=\"e-con-inner\">\n\t\t\t\t<div class=\"elementor-element elementor-element-ce7686a elementor-widget-divider--view-line elementor-widget elementor-widget-divider\" data-id=\"ce7686a\" data-element_type=\"widget\" data-e-type=\"widget\" data-widget_type=\"divider.default\">\n\t\t\t\t<div class=\"elementor-widget-container\">\n\t\t\t\t\t\t\t<div class=\"elementor-divider\">\n\t\t\t<span class=\"elementor-divider-separator\">\n\t\t\t\t\t\t<\/span>\n\t\t<\/div>\n\t\t\t\t\t\t<\/div>\n\t\t\t\t<\/div>\n\t\t\t\t<div class=\"elementor-element elementor-element-18a2d0c wpr-promo-box-style-cover elementor-widget elementor-widget-wpr-promo-box\" data-id=\"18a2d0c\" data-element_type=\"widget\" data-e-type=\"widget\" data-widget_type=\"wpr-promo-box.default\">\n\t\t\t\t<div class=\"elementor-widget-container\">\n\t\t\t\t\t\n\t\t<div class=\"wpr-promo-box wpr-animation-wrap\">\n\n\t\t\t\t\t\t\t\n\t\t\t\t\t\t\t<div class=\"wpr-promo-box-image\">\n\t\t\t\t\t<div class=\"wpr-promo-box-bg-image wpr-bg-anim-move-down wpr-anim-timing-linear\" style=\"background-image:url(https:\/\/djceetee.myds.me\/rex\/wp-content\/uploads\/2024\/03\/WD-Banner.jpeg);\"><\/div>\n\t\t\t\t\t<div class=\"wpr-promo-box-bg-overlay wpr-border-anim-jazz\"><\/div>\n\t\t\t\t<\/div>\n\t\t\t\t\t\t\n\t\t\t<div class=\"wpr-promo-box-content\">\n\n\t\t\t\t\t\t\t\t<div class=\"wpr-promo-box-icon\">\n\t\t\t\t\t\t\t\t\t\t\t<img decoding=\"async\" src=\"https:\/\/djceetee.myds.me\/rex\/wp-content\/uploads\/2026\/01\/sc-avatar-default.png\" >\n\t\t\t\t\t\t\t\t\t<\/div>\n\t\t\t\t\n\t\t\t\t<h3 class=\"wpr-promo-box-title\"><span>White Dragons Gaming Clan<\/span><\/h3>\n\t\t\t\t\t\t\t\t\t<div class=\"wpr-promo-box-description\">\n\t\t\t\t\t\t<p><p class=\"text-center\"><strong><span style=\"color: #ffff00\">Wir sind ein \u00e4u\u00dferst famili\u00e4rer Gaming Clan mit einem weiten Spektrum an Spielen.<\/span><\/strong><\/p><p class=\"text-center\"><strong><span style=\"color: #ffff00\">Neben Simulatoren wie Euro Truck Simulator 2, Landwirtschaftssimulator oder sogar Omsi2 zocken wir auch Ego-Shooter wie Counter-Strike oder Games wie Rocket League und Minecraft und noch vieles mehr!<\/span><\/strong><\/p><\/p>\t\n\t\t\t\t\t<\/div>\t\t\t\t\t\t\n\t\t\t\t\n\t\t\t\t\t\t\t\t\t<div class=\"wpr-promo-box-btn-wrap\">\n\t\t\t\t\t\t<a class=\"wpr-promo-box-btn\" href=\"https:\/\/whitedragons-gc.de\" target=\"_blank\" nofollow=\"\">\n\n\t\t\t\t\t\t\t\t\t\t\t\t\t\t<span class=\"wpr-promo-box-btn-text\">Homepage<\/span>\t\t\n\t\t\t\t\t\t\t\n\t\t\t\t\t\t\t\t\t\t\t\t\t\t<span class=\"wpr-promo-box-btn-icon\">\n\t\t\t\t\t\t\t\t<i class=\"fas fa-home\"><\/i>\n\t\t\t\t\t\t\t<\/span>\n\t\t\t\t\t\t\t\t\t\t\t\t\t<\/a>\n\t\t\t\t\t<\/div>\t\n\t\t\t\t\t\t\t<\/div>\n\n\t\t\t\t\t<\/div>\n\n\t\t\t\t\t\t<\/div>\n\t\t\t\t<\/div>\n\t\t\t\t<div class=\"elementor-element elementor-element-63e170a elementor-widget-divider--view-line elementor-widget elementor-widget-divider\" data-id=\"63e170a\" data-element_type=\"widget\" data-e-type=\"widget\" data-widget_type=\"divider.default\">\n\t\t\t\t<div class=\"elementor-widget-container\">\n\t\t\t\t\t\t\t<div class=\"elementor-divider\">\n\t\t\t<span class=\"elementor-divider-separator\">\n\t\t\t\t\t\t<\/span>\n\t\t<\/div>\n\t\t\t\t\t\t<\/div>\n\t\t\t\t<\/div>\n\t\t\t\t<div class=\"elementor-element elementor-element-2adb74d wpr-promo-box-style-cover elementor-widget elementor-widget-wpr-promo-box\" data-id=\"2adb74d\" data-element_type=\"widget\" data-e-type=\"widget\" data-widget_type=\"wpr-promo-box.default\">\n\t\t\t\t<div class=\"elementor-widget-container\">\n\t\t\t\t\t\n\t\t<div class=\"wpr-promo-box wpr-animation-wrap\">\n\n\t\t\t\t\t\t\t\n\t\t\t\t\t\t\t<div class=\"wpr-promo-box-image\">\n\t\t\t\t\t<div class=\"wpr-promo-box-bg-image wpr-bg-anim-move-down wpr-anim-timing-linear\" style=\"background-image:url(https:\/\/djceetee.myds.me\/rex\/wp-content\/uploads\/2024\/08\/JCH-Logo_Trucksbook.png);\"><\/div>\n\t\t\t\t\t<div class=\"wpr-promo-box-bg-overlay wpr-border-anim-jazz\"><\/div>\n\t\t\t\t<\/div>\n\t\t\t\t\t\t\n\t\t\t<div class=\"wpr-promo-box-content\">\n\n\t\t\t\t\t\t\t\t<div class=\"wpr-promo-box-icon\">\n\t\t\t\t\t\t\t\t\t\t\t<img decoding=\"async\" src=\"https:\/\/djceetee.myds.me\/rex\/wp-content\/uploads\/2024\/08\/JCH-Logo_Trucksbook.png\" >\n\t\t\t\t\t\t\t\t\t<\/div>\n\t\t\t\t\n\t\t\t\t<h2 class=\"wpr-promo-box-title\"><span>Jan Cruela Holger Transport<\/span><\/h2>\n\t\t\t\t\t\t\t\t\t<div class=\"wpr-promo-box-description\">\n\t\t\t\t\t\t<p><p><strong>Wir sind ein kleines Unternehmen die viel Wert auf \"Reallife\" legen. Jeder kann aber muss nicht fahren, da Wir wissen das dass ganze Leben sich nicht nur ausschlie\u00dflich um ETS2 und ATS dreht. Auch Wir spielen \u00f6fter andere Spiele, chillen einfach nur zum entspannen oder quatschen auf Unserem TS.<\/strong><br \/><strong>Nat\u00fcrlich fahren Wir auch gemeinsam Concoys, mit Freunden oder Unseren Partnern wo es jedesmal herzhaft lachend zugeht.<\/strong><\/p><\/p>\t\n\t\t\t\t\t<\/div>\t\t\t\t\t\t\n\t\t\t\t\n\t\t\t\t\t\t\t\t\t<div class=\"wpr-promo-box-btn-wrap\">\n\t\t\t\t\t\t<a class=\"wpr-promo-box-btn\" href=\"https:\/\/invite.teamspeak.com\/46.20.46.76\/?port=101650165\" target=\"_blank\" nofollow=\"\">\n\n\t\t\t\t\t\t\t\t\t\t\t\t\t\t<span class=\"wpr-promo-box-btn-text\">Teamspeak<\/span>\t\t\n\t\t\t\t\t\t\t\n\t\t\t\t\t\t\t\t\t\t\t\t\t\t<span class=\"wpr-promo-box-btn-icon\">\n\t\t\t\t\t\t\t\t<i class=\"fab fa-teamspeak\"><\/i>\n\t\t\t\t\t\t\t<\/span>\n\t\t\t\t\t\t\t\t\t\t\t\t\t<\/a>\n\t\t\t\t\t<\/div>\t\n\t\t\t\t\t\t\t<\/div>\n\n\t\t\t\t\t<\/div>\n\n\t\t\t\t\t\t<\/div>\n\t\t\t\t<\/div>\n\t\t\t\t<div class=\"elementor-element elementor-element-eab9dfc elementor-widget-divider--view-line elementor-widget elementor-widget-divider\" data-id=\"eab9dfc\" data-element_type=\"widget\" data-e-type=\"widget\" data-widget_type=\"divider.default\">\n\t\t\t\t<div class=\"elementor-widget-container\">\n\t\t\t\t\t\t\t<div class=\"elementor-divider\">\n\t\t\t<span class=\"elementor-divider-separator\">\n\t\t\t\t\t\t<\/span>\n\t\t<\/div>\n\t\t\t\t\t\t<\/div>\n\t\t\t\t<\/div>\n\t\t\t\t<div class=\"elementor-element elementor-element-dd5de7a wpr-promo-box-style-cover elementor-widget elementor-widget-wpr-promo-box\" data-id=\"dd5de7a\" data-element_type=\"widget\" data-e-type=\"widget\" data-widget_type=\"wpr-promo-box.default\">\n\t\t\t\t<div class=\"elementor-widget-container\">\n\t\t\t\t\t\n\t\t<div class=\"wpr-promo-box wpr-animation-wrap\">\n\n\t\t\t\t\t\t\t\n\t\t\t\t\t\t\t<div class=\"wpr-promo-box-image\">\n\t\t\t\t\t<div class=\"wpr-promo-box-bg-image wpr-bg-anim-move-down wpr-anim-timing-linear\" style=\"background-image:url(https:\/\/djceetee.myds.me\/rex\/wp-content\/uploads\/2024\/08\/Family_Truck_Driver_1.png);\"><\/div>\n\t\t\t\t\t<div class=\"wpr-promo-box-bg-overlay wpr-border-anim-jazz\"><\/div>\n\t\t\t\t<\/div>\n\t\t\t\t\t\t\n\t\t\t<div class=\"wpr-promo-box-content\">\n\n\t\t\t\t\t\t\t\t<div class=\"wpr-promo-box-icon\">\n\t\t\t\t\t\t\t\t\t\t\t<img decoding=\"async\" src=\"https:\/\/djceetee.myds.me\/rex\/wp-content\/uploads\/2024\/08\/Family_Truck_Driver_1.png\" >\n\t\t\t\t\t\t\t\t\t<\/div>\n\t\t\t\t\n\t\t\t\t<h2 class=\"wpr-promo-box-title\"><span>Family Truck driver<\/span><\/h2>\n\t\t\t\t\t\t\t\t\t<div class=\"wpr-promo-box-description\">\n\t\t\t\t\t\t<p><p><strong>Unsere Spedition gibt es seit M\u00e4rz 2018.\u00a0 <\/strong><br \/><strong>Wir kommen aus Sachsen und somit ist unser Hauptsitz in Dresden.Wir sind freundliche Fahrer\/-innen die aus Leidenschaft fahren und Spa\u00df am ETS\/ATS haben. Durch Familie und Beruf kommen wir aber meist erst am Abend zum Spielen, wobei auch gern am Tag f\u00fcr die [FTD] gefahren werden darf. Die Fahrzeit ist jeden selbst \u00fcberlassen. Es gibt keine Kilometer vorgaben, keine Fahrzeit vorgaben und kein Mindestumsatz. Gern Fahren wir auch im Convoy \u00fcber TMP oder SCS Convoymodus. Wir betreiben auch ab und zu mit dem Kontor-Modus. Nicht nur LKW kann man mit uns fahren, auch andere Games kann man gern mit uns zocken. <\/strong><br \/><strong>\u200b<\/strong><\/p><h6><strong>\u00a0<\/strong><\/h6><\/p>\t\n\t\t\t\t\t<\/div>\t\t\t\t\t\t\n\t\t\t\t\n\t\t\t\t\t\t\t\t\t<div class=\"wpr-promo-box-btn-wrap\">\n\t\t\t\t\t\t<a class=\"wpr-promo-box-btn\" href=\"https:\/\/discord.gg\/QWQ6AtrqVd\" target=\"_blank\" nofollow=\"\">\n\n\t\t\t\t\t\t\t\t\t\t\t\t\t\t<span class=\"wpr-promo-box-btn-text\">Discord<\/span>\t\t\n\t\t\t\t\t\t\t\n\t\t\t\t\t\t\t\t\t\t\t\t\t\t<span class=\"wpr-promo-box-btn-icon\">\n\t\t\t\t\t\t\t\t<i class=\"fab fa-discord\"><\/i>\n\t\t\t\t\t\t\t<\/span>\n\t\t\t\t\t\t\t\t\t\t\t\t\t<\/a>\n\t\t\t\t\t<\/div>\t\n\t\t\t\t\t\t\t<\/div>\n\n\t\t\t\t\t<\/div>\n\n\t\t\t\t\t\t<\/div>\n\t\t\t\t<\/div>\n\t\t\t\t\t<\/div>\n\t\t\t\t<\/div>\n\t\t<div class=\"elementor-element elementor-element-4877168 e-flex e-con-boxed wpr-particle-no wpr-jarallax-no wpr-parallax-no wpr-sticky-section-no wpr-equal-height-no e-con e-parent\" data-id=\"4877168\" data-element_type=\"container\" data-e-type=\"container\">\n\t\t\t\t\t<div class=\"e-con-inner\">\n\t\t\t\t<div class=\"elementor-element elementor-element-5eaea61 elementor-widget-divider--view-line elementor-widget elementor-widget-divider\" data-id=\"5eaea61\" data-element_type=\"widget\" data-e-type=\"widget\" data-widget_type=\"divider.default\">\n\t\t\t\t<div class=\"elementor-widget-container\">\n\t\t\t\t\t\t\t<div class=\"elementor-divider\">\n\t\t\t<span class=\"elementor-divider-separator\">\n\t\t\t\t\t\t<\/span>\n\t\t<\/div>\n\t\t\t\t\t\t<\/div>\n\t\t\t\t<\/div>\n\t\t\t\t\t<\/div>\n\t\t\t\t<\/div>\n\t\t<div class=\"elementor-element elementor-element-8ec87c5 e-flex e-con-boxed wpr-particle-no wpr-jarallax-no wpr-parallax-no wpr-sticky-section-no wpr-equal-height-no e-con e-parent\" data-id=\"8ec87c5\" data-element_type=\"container\" data-e-type=\"container\">\n\t\t\t\t\t<div class=\"e-con-inner\">\n\t\t\t\t<div class=\"elementor-element elementor-element-b7da72b wpr-promo-box-style-cover elementor-widget elementor-widget-wpr-promo-box\" data-id=\"b7da72b\" data-element_type=\"widget\" data-e-type=\"widget\" data-widget_type=\"wpr-promo-box.default\">\n\t\t\t\t<div class=\"elementor-widget-container\">\n\t\t\t\t\t\n\t\t<div class=\"wpr-promo-box wpr-animation-wrap\">\n\n\t\t\t\t\t\t\t\n\t\t\t\t\t\t\t<div class=\"wpr-promo-box-image\">\n\t\t\t\t\t<div class=\"wpr-promo-box-bg-image wpr-bg-anim-move-down wpr-anim-timing-linear\" style=\"background-image:url(https:\/\/djceetee.myds.me\/rex\/wp-content\/uploads\/2024\/04\/ets2_20240419_223911_00.png);\"><\/div>\n\t\t\t\t\t<div class=\"wpr-promo-box-bg-overlay wpr-border-anim-jazz\"><\/div>\n\t\t\t\t<\/div>\n\t\t\t\t\t\t\n\t\t\t<div class=\"wpr-promo-box-content\">\n\n\t\t\t\t\t\t\t\t<div class=\"wpr-promo-box-icon\">\n\t\t\t\t\t\t\t\t\t\t\t<i class=\"far fa-handshake\"><\/i>\n\t\t\t\t\t\t\t\t\t<\/div>\n\t\t\t\t\n\t\t\t\t<h3 class=\"wpr-promo-box-title\"><span>Hier k\u00f6nnte deine Spedition stehen<\/span><\/h3>\n\t\t\t\t\n\t\t\t\t\t\t\t\t\t<div class=\"wpr-promo-box-btn-wrap\">\n\t\t\t\t\t\t<a class=\"wpr-promo-box-btn\" href=\"https:\/\/djceetee.myds.me\/rex\/kontakt-2\/\" target=\"_blank\" nofollow=\"\">\n\n\t\t\t\t\t\t\t\t\t\t\t\t\t\t<span class=\"wpr-promo-box-btn-text\">Jetzt als Partner Bewerben<\/span>\t\t\n\t\t\t\t\t\t\t\n\t\t\t\t\t\t\t\t\t\t\t\t\t<\/a>\n\t\t\t\t\t<\/div>\t\n\t\t\t\t\t\t\t<\/div>\n\n\t\t\t\t\t<\/div>\n\n\t\t\t\t\t\t<\/div>\n\t\t\t\t<\/div>\n\t\t\t\t\t<\/div>\n\t\t\t\t<\/div>\n\t\t<div class=\"elementor-element elementor-element-abcf9e8 e-flex e-con-boxed wpr-particle-no wpr-jarallax-no wpr-parallax-no wpr-sticky-section-no wpr-equal-height-no e-con e-parent\" data-id=\"abcf9e8\" data-element_type=\"container\" data-e-type=\"container\">\n\t\t\t\t\t<div class=\"e-con-inner\">\n\t\t\t\t<div class=\"elementor-element elementor-element-619ad88 elementor-widget-divider--view-line elementor-widget elementor-widget-divider\" data-id=\"619ad88\" data-element_type=\"widget\" data-e-type=\"widget\" data-widget_type=\"divider.default\">\n\t\t\t\t<div class=\"elementor-widget-container\">\n\t\t\t\t\t\t\t<div class=\"elementor-divider\">\n\t\t\t<span class=\"elementor-divider-separator\">\n\t\t\t\t\t\t<\/span>\n\t\t<\/div>\n\t\t\t\t\t\t<\/div>\n\t\t\t\t<\/div>\n\t\t\t\t\t<\/div>\n\t\t\t\t<\/div>\n\t\t\t\t<\/div>\n\t\t","protected":false},"excerpt":{"rendered":"<p>Unsere Partner Du\/Ihr m\u00f6chtet Partner Spedition von Rainbow Express werden Du\/Ihr m\u00f6chtest uns gerne auch als Partner Spedition haben? Kein Problem! Klicke einfach auf den unteren Button und bewirb dich als Partner und dem Forumular Jetzt Partner werden Berlin Hessen Logistik &#8230; folgt Teamspeak Hinkelstein \u2013 Express Die Hinkelstein \u2013 Express ist eine Virtuelle Spedition die seit 2019 auf\u00a0 Europas Stra\u00dfen im Ets2 und ATS auf Achse ist Discord White Dragons Gaming Clan Wir sind ein \u00e4u\u00dferst famili\u00e4rer Gaming Clan mit einem weiten Spektrum an Spielen. Neben Simulatoren wie Euro Truck Simulator 2, Landwirtschaftssimulator oder sogar Omsi2 zocken wir auch Ego-Shooter wie Counter-Strike oder Games wie Rocket League und Minecraft und noch vieles mehr! Homepage Jan Cruela Holger Transport Wir sind ein kleines Unternehmen die viel Wert auf &#8220;Reallife&#8221; legen. Jeder kann aber muss nicht fahren, da Wir wissen das dass ganze Leben sich nicht nur ausschlie\u00dflich um ETS2 und ATS dreht. Auch Wir spielen \u00f6fter andere Spiele, chillen einfach nur zum entspannen oder quatschen auf Unserem TS.Nat\u00fcrlich fahren Wir auch gemeinsam Concoys, mit Freunden oder Unseren Partnern wo es jedesmal herzhaft lachend zugeht. Teamspeak Family Truck driver Unsere Spedition gibt es seit M\u00e4rz 2018.\u00a0 Wir kommen aus Sachsen und somit ist unser Hauptsitz in Dresden.Wir sind freundliche Fahrer\/-innen die aus Leidenschaft fahren und Spa\u00df am ETS\/ATS haben. Durch Familie und Beruf kommen wir aber meist erst am Abend zum Spielen, wobei auch gern am Tag f\u00fcr die [FTD] gefahren werden darf. Die Fahrzeit ist jeden selbst \u00fcberlassen. Es gibt keine Kilometer vorgaben, keine Fahrzeit vorgaben und kein Mindestumsatz. Gern Fahren wir auch im Convoy \u00fcber TMP oder SCS Convoymodus. Wir betreiben auch ab und zu mit dem Kontor-Modus. Nicht nur LKW kann man mit uns fahren, auch andere Games kann man gern mit uns zocken. \u200b \u00a0 Discord Hier k\u00f6nnte deine Spedition stehen Jetzt als Partner Bewerben<\/p>\n","protected":false},"author":1,"featured_media":0,"parent":0,"menu_order":0,"comment_status":"closed","ping_status":"closed","template":"","meta":{"footnotes":""},"class_list":["post-666","page","type-page","status-publish","hentry"],"acf":[],"_links":{"self":[{"href":"https:\/\/djceetee.myds.me\/rex\/wp-json\/wp\/v2\/pages\/666","targetHints":{"allow":["GET"]}}],"collection":[{"href":"https:\/\/djceetee.myds.me\/rex\/wp-json\/wp\/v2\/pages"}],"about":[{"href":"https:\/\/djceetee.myds.me\/rex\/wp-json\/wp\/v2\/types\/page"}],"author":[{"embeddable":true,"href":"https:\/\/djceetee.myds.me\/rex\/wp-json\/wp\/v2\/users\/1"}],"replies":[{"embeddable":true,"href":"https:\/\/djceetee.myds.me\/rex\/wp-json\/wp\/v2\/comments?post=666"}],"version-history":[{"count":191,"href":"https:\/\/djceetee.myds.me\/rex\/wp-json\/wp\/v2\/pages\/666\/revisions"}],"predecessor-version":[{"id":2621,"href":"https:\/\/djceetee.myds.me\/rex\/wp-json\/wp\/v2\/pages\/666\/revisions\/2621"}],"wp:attachment":[{"href":"https:\/\/djceetee.myds.me\/rex\/wp-json\/wp\/v2\/media?parent=666"}],"curies":[{"name":"wp","href":"https:\/\/api.w.org\/{rel}","templated":true}]}}